{"id":200,"date":"2023-02-06T18:47:45","date_gmt":"2023-02-06T18:47:45","guid":{"rendered":"https:\/\/sielankaznatury.pl\/?page_id=200"},"modified":"2024-06-18T19:51:35","modified_gmt":"2024-06-18T19:51:35","slug":"polityka-prywatnosci","status":"publish","type":"page","link":"https:\/\/sielankaznatury.pl\/index.php\/polityka-prywatnosci\/","title":{"rendered":"Polityka prywatno\u015bci"},"content":{"rendered":"\n<h4 class=\"wp-block-heading\">Zapewniamy naszym Klientom pe\u0142ne poszanowanie ich prywatno\u015bci oraz ochron\u0119 ich danych osobowych.<\/h4>\n\n\n\n<p>Dane osobowe przekazywane nam przez Klient\u00f3w przetwarzamy w spos\u00f3b zgodny z zakresem udzielonego przez Klient\u00f3w zezwolenia oraz wymogami prawa, w szczeg\u00f3lno\u015bci zgodnie z ustaw\u0105 z dnia 29 sierpnia 1997 r. o ochronie danych osobowych (Dz. U. Nr 133, poz. 883 z p\u00f3\u017an. zm.). Dane osobowe Klient\u00f3w przechowujemy na serwerach zapewniaj\u0105cych ich pe\u0142ne bezpiecze\u0144stwo. Dost\u0119p do bazy danych posiadaj\u0105 jedynie uprawnieni pracownicy Sklepu.<\/p>\n\n\n\n<p>Dane osobowe przekazywane nam przez Klient\u00f3w s\u0105 przetwarzane przez Administratora danych \u2013Sielanka, Patrycja Noworycka z siedzib\u0105 w ul. Chocimska 5, 49-305 Brzeg, wpisan\u0105 do NIP: 8982012924. Powierzone Sklepowi dane osobowe: imi\u0119, nazwisko, adres zamieszkania, adres poczty elektronicznej, numer telefonu przetwarzane b\u0119d\u0105:<\/p>\n\n\n\n<ul class=\"wp-block-list\">\n<li>w celu za\u0142o\u017cenia konta Klienta i realizacji zam\u00f3wienia Klienta,<\/li>\n\n\n\n<li>je\u017celi Klient wyrazi\u0142 na to zgod\u0119, w celu przekazywania drog\u0105 elektroniczn\u0105 ofert marketingowych oraz informacji handlowych przez Sielanka Patrycja Noworycka.<\/li>\n<\/ul>\n\n\n\n<p>Ka\u017cdy Klient, kt\u00f3ry przekaza\u0142 nam swoje dane osobowe ma pe\u0142n\u0105 mo\u017cliwo\u015b\u0107 dost\u0119pu do swoich danych w celu ich weryfikacji, modyfikacji lub te\u017c \u017c\u0105dania usuni\u0119cia.<\/p>\n\n\n\n<p>Sklep nie przekazuje, nie sprzedaje ani nie u\u017cycza zgromadzonych danych osobowych Klient\u00f3w osobom trzecim, chyba \u017ce dzieje si\u0119 to za wyra\u017an\u0105 zgod\u0105 lub na \u017cyczenie Klienta albo na \u017c\u0105danie uprawnionych na podstawie prawa organ\u00f3w pa\u0144stwa w zwi\u0105zku z tocz\u0105cymi si\u0119 post\u0119powaniami.<\/p>\n\n\n\n<p>Nasz Sklep pos\u0142uguje si\u0119 r\u00f3wnie\u017c tzw. plikami cookies (ciasteczka). Pliki te s\u0105 zapisywane na komputerze Klienta przez nasz serwer i dostarczaj\u0105 danych statystycznych o aktywno\u015bci Klienta, w celu dobrania naszej oferty do jego indywidualnych potrzeb i gust\u00f3w. Klient w ka\u017cdej chwili mo\u017ce wy\u0142\u0105czy\u0107 w swojej przegl\u0105darce internetowej opcj\u0119 przyjmowania cookies, cho\u0107 musi mie\u0107 \u015bwiadomo\u015b\u0107, \u017ce w niekt\u00f3rych przypadkach od\u0142\u0105czenie tych plik\u00f3w mo\u017ce wp\u0142yn\u0105\u0107 na utrudnienia w korzystaniu z oferty naszego Sklepu. Pliki cookies zapisywane na komputerze Klienta przechowuj\u0105 informacje na temat:<\/p>\n\n\n\n<ul class=\"wp-block-list\">\n<li>sesji U\u017cytkownika,<\/li>\n\n\n\n<li>ostatnio ogl\u0105danych produkt\u00f3w,<\/li>\n\n\n\n<li>dopasowania zawarto\u015bci strony internetowej do indywidualnych preferencji u\u017cytkownika, przede wszystkim pliki te rozpoznaj\u0105 jego urz\u0105dzenie, aby zgodnie z jego preferencjami wy\u015bwietli\u0107 stron\u0119;<\/li>\n\n\n\n<li>przygotowywania statystyk pomagaj\u0105cych poznaniu preferencji i zachowa\u0144 u\u017cytkownik\u00f3w,&nbsp;<\/li>\n\n\n\n<li>oddania g\u0142osu w ankiecie.<\/li>\n<\/ul>\n\n\n\n<p>Pragniemy zwr\u00f3ci\u0107 Pa\u0144stwa uwag\u0119, \u017ce je\u017celi na stronie internetowej naszego Sklepu zamieszczamy linki prowadz\u0105ce do innych, nieadministrowanych przez nas stron internetowych, to nie mo\u017cemy odpowiada\u0107 ani za zawarto\u015b\u0107 tych\u017ce stron, ani za stopie\u0144 ochrony prywatno\u015bci realizowany przez administrator\u00f3w tych stron. Podejmuj\u0105c decyzj\u0119 o przej\u015bciu na takie strony, Klient czyni to na w\u0142asn\u0105 odpowiedzialno\u015b\u0107. Zach\u0119camy przy okazji do zapoznania si\u0119 z polityk\u0105 prywatno\u015bci realizowan\u0105 przez te strony, zanim Klient udost\u0119pni im swoje dane osobowe.<\/p>\n\n\n\n<p>Materia\u0142y reklamowo &#8211; promocyjne wysy\u0142amy Klientom jedynie w\u00f3wczas, gdy wyrazili na to zgod\u0119. Dotyczy to w szczeg\u00f3lno\u015bci newslettera wysy\u0142anego Klientowi, je\u017celi potwierdzi wyra\u017anie wskazanego przez nas linka zawieraj\u0105cego akceptacj\u0119 na otrzymywanie newslettera o aktualnych promocjach,&nbsp; rabatach i nowo\u015bciach w naszym Sklepie. Materia\u0142y te dotycz\u0105&nbsp; wy\u0142\u0105cznie oferty naszego Sklepu.&nbsp;W ka\u017cdym czasie oraz w dowolnej formie, klient mo\u017ce cofn\u0105\u0107 wyra\u017con\u0105 uprzednio zgod\u0119 na przesy\u0142anie mu informacji handlowej oraz ofert marketingowych.<\/p>\n\n\n\n<p>Wszelkie pytania, wnioski i sugestie odnosz\u0105ce si\u0119 do ochrony Pa\u0144stwa prywatno\u015bci, w szczeg\u00f3lno\u015bci danych osobowych prosimy zg\u0142asza\u0107 na adres Sklepu b\u0105d\u017a telefonicznie pod numerem 505 129 106 lub 501 893 494 a tak\u017ce pod adresem email: <a href=\"mailto:przyprawnik.brzeg@wp.pl\">przyprawnik.brzeg@wp.pl<\/a><\/p>\n\n\n\n<p>Dane osobowe Klient\u00f3w s\u0105 przechowywane i zabezpieczone zgodnie z zasadami okre\u015blonymi w obowi\u0105zuj\u0105cych przepisach prawa:<\/p>\n\n\n\n<ul class=\"wp-block-list\">\n<li>Ustawie z dnia 29.08.1997 r. o ochronie danych osobowych (tekst jednolity Dz. U. Nr 101 z 2002 r. poz. 926, z p\u00f3\u017an. zm.)<\/li>\n\n\n\n<li>Ustawie z dnia 18.07.2002 r. o \u015bwiadczeniu us\u0142ug drog\u0105 elektroniczn\u0105 (Dz. U. Nr 144, poz. 1204 z po\u017an. zm.)<\/li>\n\n\n\n<li>rozporz\u0105dzeniu z dnia 29.04.2004 r. Ministra Spraw Wewn\u0119trznych i Administracji w sprawie dokumentacji przetwarzania danych osobowych oraz warunk\u00f3w technicznych i organizacyjnych, jakim powinny odpowiada\u0107 urz\u0105dzenia i systemy informatyczne, s\u0142u\u017c\u0105ce do przetwarzania danych osobowych (Dz. U. Nr 100, poz.1024).<\/li>\n<\/ul>\n","protected":false},"excerpt":{"rendered":"<p>Zapewniamy naszym Klientom pe\u0142ne poszanowanie ich prywatno\u015bci oraz ochron\u0119 ich danych osobowych. Dane osobowe przekazywane nam przez Klient\u00f3w przetwarzamy w spos\u00f3b zgodny z zakresem udzielonego przez Klient\u00f3w zezwolenia oraz wymogami prawa, w szczeg\u00f3lno\u015bci zgodnie z ustaw\u0105 z dnia 29 sierpnia 1997 r. o ochronie danych osobowych (Dz. U. Nr 133, poz. 883 z p\u00f3\u017an. zm.).<span class=\"read-more-faq\"><a href=\"https:\/\/sielankaznatury.pl\/index.php\/polityka-prywatnosci\/\">Read More<\/a><\/span><\/p>\n","protected":false},"author":1,"featured_media":0,"parent":0,"menu_order":0,"comment_status":"closed","ping_status":"closed","template":"","meta":{"footnotes":""},"class_list":["post-200","page","type-page","status-publish","hentry"],"_links":{"self":[{"href":"https:\/\/sielankaznatury.pl\/index.php\/wp-json\/wp\/v2\/pages\/200","targetHints":{"allow":["GET"]}}],"collection":[{"href":"https:\/\/sielankaznatury.pl\/index.php\/wp-json\/wp\/v2\/pages"}],"about":[{"href":"https:\/\/sielankaznatury.pl\/index.php\/wp-json\/wp\/v2\/types\/page"}],"author":[{"embeddable":true,"href":"https:\/\/sielankaznatury.pl\/index.php\/wp-json\/wp\/v2\/users\/1"}],"replies":[{"embeddable":true,"href":"https:\/\/sielankaznatury.pl\/index.php\/wp-json\/wp\/v2\/comments?post=200"}],"version-history":[{"count":2,"href":"https:\/\/sielankaznatury.pl\/index.php\/wp-json\/wp\/v2\/pages\/200\/revisions"}],"predecessor-version":[{"id":849,"href":"https:\/\/sielankaznatury.pl\/index.php\/wp-json\/wp\/v2\/pages\/200\/revisions\/849"}],"wp:attachment":[{"href":"https:\/\/sielankaznatury.pl\/index.php\/wp-json\/wp\/v2\/media?parent=200"}],"curies":[{"name":"wp","href":"https:\/\/api.w.org\/{rel}","templated":true}]}}