{"id":205,"date":"2023-02-07T18:01:47","date_gmt":"2023-02-07T18:01:47","guid":{"rendered":"https:\/\/sielankaznatury.pl\/?page_id=205"},"modified":"2026-03-23T19:18:05","modified_gmt":"2026-03-23T19:18:05","slug":"czas-i-koszty-wysylki","status":"publish","type":"page","link":"https:\/\/sielankaznatury.pl\/index.php\/czas-i-koszty-wysylki\/","title":{"rendered":"Czas i koszty wysy\u0142ki"},"content":{"rendered":"\n<p>Nasze zam\u00f3wienia realizujemy do 14 dni roboczych od momentu z\u0142o\u017cenia zam\u00f3wienia i pojawienia si\u0119 wp\u0142aty na naszym koncie.<\/p>\n\n\n\n<p>Dok\u0142adamy wszelkich stara\u0144, aby wysy\u0142ka realizowana by\u0142a mo\u017cliwie jak najszybciej. W okresie \u015bwi\u0105tecznym czas realizacji zam\u00f3wie\u0144 mo\u017ce by\u0107 jednak znacznie wyd\u0142u\u017cony, dlatego prosimy o zaplanowanie zakup\u00f3w z odpowiednim wyprzedzeniem<\/p>\n\n\n\n<p>Dostawa na terenie Polski<\/p>\n\n\n\n<ul id=\"shipping_method\" class=\"wp-block-list\">\n<li>ORLEN Paczka:\u00a0<strong><bdi>10,00\u00a0z\u0142<\/bdi><\/strong><\/li>\n\n\n\n<li>Pocztex:&nbsp;<strong><bdi>10,00&nbsp;z\u0142<\/bdi><\/strong><\/li>\n\n\n\n<li>InPost Paczkomaty 24\/7:\u00a0<strong><bdi>14,00\u00a0z\u0142<\/bdi><\/strong><\/li>\n\n\n\n<li>InPost Kurier:\u00a0<strong><bdi>17,00\u00a0z\u0142<\/bdi><\/strong><\/li>\n\n\n\n<li>Kurier DHL:&nbsp;<strong><bdi>17,00&nbsp;z\u0142<\/bdi><\/strong><\/li>\n\n\n\n<li>Kurier DPD:&nbsp;<strong><bdi>18,00&nbsp;z\u0142<\/bdi><\/strong><\/li>\n<\/ul>\n\n\n\n<p><\/p>\n\n\n\n<p>Dostawa na terenie Europy ( poza Polsk\u0105 )<\/p>\n\n\n\n<ul id=\"shipping_method\" class=\"wp-block-list\">\n<li>Kurier DHL:&nbsp;<strong><bdi>90,00 z\u0142<\/bdi><\/strong><\/li>\n\n\n\n<li>Kurier Fedex:&nbsp;<strong><bdi>90,00&nbsp;z\u0142<\/bdi><\/strong><\/li>\n<\/ul>\n\n\n\n<p><\/p>\n\n\n\n<p>Dostawach na terenie Brzegu (woj. opolskie):  <\/p>\n\n\n\n<ul id=\"shipping_method\" class=\"wp-block-list\">\n<li>GRATIS:&nbsp;przy zakupach za min. <strong><bdi>139,00&nbsp;z\u0142<\/bdi><\/strong><\/li>\n\n\n\n<li>Zakupy poni\u017cej kwoty <strong>79,00<\/strong> <strong>z\u0142<\/strong> &#8211; &nbsp;<strong><bdi>7,50&nbsp;z\u0142<\/bdi><\/strong><\/li>\n\n\n\n<li>zadzwo\u0144&nbsp; do nas celem um\u00f3wienia daty i godziny dostawy.<\/li>\n<\/ul>\n","protected":false},"excerpt":{"rendered":"<p>Nasze zam\u00f3wienia realizujemy do 14 dni roboczych od momentu z\u0142o\u017cenia zam\u00f3wienia i pojawienia si\u0119 wp\u0142aty na naszym koncie. Dok\u0142adamy wszelkich stara\u0144, aby wysy\u0142ka realizowana by\u0142a mo\u017cliwie jak najszybciej. W okresie \u015bwi\u0105tecznym czas realizacji zam\u00f3wie\u0144 mo\u017ce by\u0107 jednak znacznie wyd\u0142u\u017cony, dlatego prosimy o zaplanowanie zakup\u00f3w z odpowiednim wyprzedzeniem Dostawa na terenie Polski Dostawa na terenie Europy<span class=\"read-more-faq\"><a href=\"https:\/\/sielankaznatury.pl\/index.php\/czas-i-koszty-wysylki\/\">Read More<\/a><\/span><\/p>\n","protected":false},"author":1,"featured_media":0,"parent":0,"menu_order":0,"comment_status":"closed","ping_status":"closed","template":"","meta":{"footnotes":""},"class_list":["post-205","page","type-page","status-publish","hentry"],"_links":{"self":[{"href":"https:\/\/sielankaznatury.pl\/index.php\/wp-json\/wp\/v2\/pages\/205","targetHints":{"allow":["GET"]}}],"collection":[{"href":"https:\/\/sielankaznatury.pl\/index.php\/wp-json\/wp\/v2\/pages"}],"about":[{"href":"https:\/\/sielankaznatury.pl\/index.php\/wp-json\/wp\/v2\/types\/page"}],"author":[{"embeddable":true,"href":"https:\/\/sielankaznatury.pl\/index.php\/wp-json\/wp\/v2\/users\/1"}],"replies":[{"embeddable":true,"href":"https:\/\/sielankaznatury.pl\/index.php\/wp-json\/wp\/v2\/comments?post=205"}],"version-history":[{"count":5,"href":"https:\/\/sielankaznatury.pl\/index.php\/wp-json\/wp\/v2\/pages\/205\/revisions"}],"predecessor-version":[{"id":1016,"href":"https:\/\/sielankaznatury.pl\/index.php\/wp-json\/wp\/v2\/pages\/205\/revisions\/1016"}],"wp:attachment":[{"href":"https:\/\/sielankaznatury.pl\/index.php\/wp-json\/wp\/v2\/media?parent=205"}],"curies":[{"name":"wp","href":"https:\/\/api.w.org\/{rel}","templated":true}]}}