{"id":993,"date":"2026-01-24T10:55:35","date_gmt":"2026-01-24T10:55:35","guid":{"rendered":"https:\/\/sielankaznatury.pl\/?page_id=993"},"modified":"2026-01-24T12:10:13","modified_gmt":"2026-01-24T12:10:13","slug":"kim-jestesmy-poznaj-nas","status":"publish","type":"page","link":"https:\/\/sielankaznatury.pl\/index.php\/kim-jestesmy-poznaj-nas\/","title":{"rendered":"Kim Jeste\u015bmy?-Poznaj Nas"},"content":{"rendered":"\n<p class=\"has-white-color has-vivid-green-cyan-background-color has-text-color has-background has-link-color has-medium-font-size wp-elements-f3629030f4db88315c3dc90ef3e27814\">Sielanka to przyjazna,  kameralna pracownia, gdzie wszystko pakujemy r\u0119cznie. To przestrze\u0144 w kt\u00f3rej wracamy do prostych rytua\u0142\u00f3w i uczymy si\u0119 jak dba\u0107 o siebie\\bliskich\\otoczenie. Wierzymy, \u017ce dobre gotowanie i kuchnia maj\u0105 ogromn\u0105 moc. Pokazujemy, \u017ce dzi\u0119ki prostym sk\u0142adnikom, zio\u0142om, dobrym przyprawom mo\u017cna zdzia\u0142a\u0107 dos\u0142ownie Cuda dla podniebienia \ud83d\ude42<\/p>\n\n\n\n<p class=\"has-white-color has-vivid-green-cyan-background-color has-text-color has-background has-link-color has-medium-font-size wp-elements-9163774babb3e54f7abe76b506845374\">To miejsce oparte na naturze, tradycji i codziennych dobrych wyborach. Pracujemy z zio\u0142ami, przyprawami i innymi naturalnymi sk\u0142adnikami. R\u00f3wnie wa\u017cna jest dla Nas edukowanie zgodnie z naturalnym rytmem. Dlatego te\u017c prowadzimy wyk\u0142ady, warsztaty, spotkania-pogadanki. Podczas kt\u00f3rych \u0142\u0105czymy teori\u0119 z parktyk\u0105. Rozmawiamy o od\u017cywianiu, roli naturalnych sk\u0142adnik\u00f3w: zio\u0142a, przyprawy i inne. Jak poprzez dobre proste wybory wspiera\u0107 si\u0119 na co dzie\u0144. Wsp\u00f3lnie, mieszamy, do\u015bwiadczamy i cieszymy si\u0119 natur\u0105, unosz\u0105 si\u0119 zapachy kt\u00f3re wype\u0142niaj\u0105 przestrze\u0144 radosci\u0105. W Sielance, wierzymy, \u017ce troska o siebie, nie musi by\u0107 skomplikowana ani radykalna, czasem zaczyna si\u0119 od powrotu do tego co proste, ciep\u0142e, w zgodzie z natury rytmem. To Sielankowy naturalny cykl.<\/p>\n\n\n\n<p><\/p>\n","protected":false},"excerpt":{"rendered":"<p>Sielanka to przyjazna, kameralna pracownia, gdzie wszystko pakujemy r\u0119cznie. To przestrze\u0144 w kt\u00f3rej wracamy do prostych rytua\u0142\u00f3w i uczymy si\u0119 jak dba\u0107 o siebie\\bliskich\\otoczenie. Wierzymy, \u017ce dobre gotowanie i kuchnia maj\u0105 ogromn\u0105 moc. Pokazujemy, \u017ce dzi\u0119ki prostym sk\u0142adnikom, zio\u0142om, dobrym przyprawom mo\u017cna zdzia\u0142a\u0107 dos\u0142ownie Cuda dla podniebienia \ud83d\ude42 To miejsce oparte na naturze, tradycji i<span class=\"read-more-faq\"><a href=\"https:\/\/sielankaznatury.pl\/index.php\/kim-jestesmy-poznaj-nas\/\">Read More<\/a><\/span><\/p>\n","protected":false},"author":2,"featured_media":0,"parent":0,"menu_order":0,"comment_status":"closed","ping_status":"closed","template":"","meta":{"footnotes":""},"class_list":["post-993","page","type-page","status-publish","hentry"],"_links":{"self":[{"href":"https:\/\/sielankaznatury.pl\/index.php\/wp-json\/wp\/v2\/pages\/993","targetHints":{"allow":["GET"]}}],"collection":[{"href":"https:\/\/sielankaznatury.pl\/index.php\/wp-json\/wp\/v2\/pages"}],"about":[{"href":"https:\/\/sielankaznatury.pl\/index.php\/wp-json\/wp\/v2\/types\/page"}],"author":[{"embeddable":true,"href":"https:\/\/sielankaznatury.pl\/index.php\/wp-json\/wp\/v2\/users\/2"}],"replies":[{"embeddable":true,"href":"https:\/\/sielankaznatury.pl\/index.php\/wp-json\/wp\/v2\/comments?post=993"}],"version-history":[{"count":4,"href":"https:\/\/sielankaznatury.pl\/index.php\/wp-json\/wp\/v2\/pages\/993\/revisions"}],"predecessor-version":[{"id":1000,"href":"https:\/\/sielankaznatury.pl\/index.php\/wp-json\/wp\/v2\/pages\/993\/revisions\/1000"}],"wp:attachment":[{"href":"https:\/\/sielankaznatury.pl\/index.php\/wp-json\/wp\/v2\/media?parent=993"}],"curies":[{"name":"wp","href":"https:\/\/api.w.org\/{rel}","templated":true}]}}