{"id":1017,"date":"2026-03-23T19:48:49","date_gmt":"2026-03-23T19:48:49","guid":{"rendered":"https:\/\/sielankaznatury.pl\/?post_type=product&#038;p=1017"},"modified":"2026-03-23T20:21:02","modified_gmt":"2026-03-23T20:21:02","slug":"herbata-zestaw-2-szt-marcepanowa-milosc-autorka-ksiazek-agnieszka-lis-i-jej-rozkoszny-zestaw","status":"publish","type":"product","link":"https:\/\/sielankaznatury.pl\/index.php\/produkt\/herbata-zestaw-2-szt-marcepanowa-milosc-autorka-ksiazek-agnieszka-lis-i-jej-rozkoszny-zestaw\/","title":{"rendered":"Herbata -zestaw 2 szt &#8222;Marcepanowa mi\u0142o\u015b\u0107 &#8222;. Autorka Ksi\u0105\u017cek Agnieszka Lis i jej rozkoszny zestaw"},"content":{"rendered":"<p>Marcepanowa Mi\u0142o\u015b\u0107 \ud83d\ude42<\/p>\n<p>Agnieszka Lis.<\/p>\n<p>Cudowna ciep\u0142a i otulaj\u0105ca fabu\u0142a, na podstawie kt\u00f3rej zosta\u0142a komedia familijna Piernikowe serce.<\/p>\n<p>To czu\u0142a pe\u0142na aromatu historia o blisko\u015bcii, kt\u00f3r\u0105 najlepiej smakowa\u0107 powoli. Ta herbata to wi\u0119cej ni\u017c napar to opowie\u015b\u0107 zamkni\u0119ta w li\u015bciach.<\/p>\n<p>Marcepanowa mi\u0142o\u015b\u0107-smakuj j\u0105 rado\u015bnie.<\/p>\n<p>&nbsp;<\/p>\n<p>Zestaw 2 szt herbat -2x50g, to a\u017c 40 kubk\u00f3w dobrej herbaty.<\/p>\n","protected":false},"excerpt":{"rendered":"<p>Marcepanowa Mi\u0142o\u015b\u0107 \ud83d\ude42 Agnieszka Lis. Cudowna ciep\u0142a i otulaj\u0105ca fabu\u0142a, na podstawie kt\u00f3rej zosta\u0142a komedia familijna Piernikowe serce. To czu\u0142a pe\u0142na aromatu historia o blisko\u015bcii, kt\u00f3r\u0105 najlepiej smakowa\u0107 powoli. Ta herbata to wi\u0119cej ni\u017c napar to opowie\u015b\u0107 zamkni\u0119ta w li\u015bciach. Marcepanowa mi\u0142o\u015b\u0107-smakuj j\u0105 rado\u015bnie. &nbsp; Zestaw 2 szt herbat -2x50g, to a\u017c 40 kubk\u00f3w dobrej<span class=\"read-more-faq\"><a href=\"https:\/\/sielankaznatury.pl\/index.php\/produkt\/herbata-zestaw-2-szt-marcepanowa-milosc-autorka-ksiazek-agnieszka-lis-i-jej-rozkoszny-zestaw\/\">Read More<\/a><\/span><\/p>\n","protected":false},"featured_media":1019,"comment_status":"open","ping_status":"closed","template":"","meta":[],"product_brand":[],"product_cat":[48],"product_tag":[],"class_list":{"0":"post-1017","1":"product","2":"type-product","3":"status-publish","4":"has-post-thumbnail","6":"product_cat-inspiracje-literackie","8":"first","9":"instock","10":"taxable","11":"shipping-taxable","12":"purchasable","13":"product-type-simple"},"_links":{"self":[{"href":"https:\/\/sielankaznatury.pl\/index.php\/wp-json\/wp\/v2\/product\/1017","targetHints":{"allow":["GET"]}}],"collection":[{"href":"https:\/\/sielankaznatury.pl\/index.php\/wp-json\/wp\/v2\/product"}],"about":[{"href":"https:\/\/sielankaznatury.pl\/index.php\/wp-json\/wp\/v2\/types\/product"}],"replies":[{"embeddable":true,"href":"https:\/\/sielankaznatury.pl\/index.php\/wp-json\/wp\/v2\/comments?post=1017"}],"wp:featuredmedia":[{"embeddable":true,"href":"https:\/\/sielankaznatury.pl\/index.php\/wp-json\/wp\/v2\/media\/1019"}],"wp:attachment":[{"href":"https:\/\/sielankaznatury.pl\/index.php\/wp-json\/wp\/v2\/media?parent=1017"}],"wp:term":[{"taxonomy":"product_brand","embeddable":true,"href":"https:\/\/sielankaznatury.pl\/index.php\/wp-json\/wp\/v2\/product_brand?post=1017"},{"taxonomy":"product_cat","embeddable":true,"href":"https:\/\/sielankaznatury.pl\/index.php\/wp-json\/wp\/v2\/product_cat?post=1017"},{"taxonomy":"product_tag","embeddable":true,"href":"https:\/\/sielankaznatury.pl\/index.php\/wp-json\/wp\/v2\/product_tag?post=1017"}],"curies":[{"name":"wp","href":"https:\/\/api.w.org\/{rel}","templated":true}]}}