{"id":411,"date":"2023-03-25T09:09:39","date_gmt":"2023-03-25T09:09:39","guid":{"rendered":"https:\/\/sielankaznatury.pl\/?post_type=product&#038;p=411"},"modified":"2024-02-13T12:15:28","modified_gmt":"2024-02-13T12:15:28","slug":"babka-jajowata-luska-mielona-100g","status":"publish","type":"product","link":"https:\/\/sielankaznatury.pl\/index.php\/produkt\/babka-jajowata-luska-mielona-100g\/","title":{"rendered":"BABKA JAJOWATA \u2013 \u0142uska mielona  100g"},"content":{"rendered":"<p><span style=\"font-family: Liberation Serif, serif;\"><span style=\"font-size: medium;\"><span style=\"font-family: Comic Sans MS, serif;\"><b>BABKA JAJOWATA \u2013 \u0142uska mielona<\/b><\/span><\/span><\/span><\/p>\n<p align=\"justify\"><span style=\"font-family: Liberation Serif, serif;\"><span style=\"font-size: medium;\"><span style=\"font-family: Comic Sans MS, serif;\">Bez sztucznych barwnik\u00f3w, bez glutaminianu sodu, bez konserwant\u00f3w.<\/span><\/span><\/span><\/p>\n<p align=\"justify\"><span style=\"font-family: Liberation Serif, serif;\"><span style=\"font-size: medium;\"><span style=\"font-family: Comic Sans MS, serif;\">Babka jajowata jest bogatym \u017ar\u00f3d\u0142em rozpuszczalnego b\u0142onnika pokarmowego. Dodana do posi\u0142k\u00f3w zag\u0119\u015bci je i dlatego \u015bwietnie nadaje si\u0119 jako sk\u0142adnik zup i sos\u00f3w. Dodatkowo mo\u017cemy doda\u0107 j\u0105 do owsianek, kaszek, mus\u00f3w czy koktajl\u00f3w. Babka jajowata posiada bardzo neutralny smak. Zawarty w \u0142uskach babki b\u0142onnik pobudza perystaltyk\u0119 jelit, pomaga utrzyma\u0107 zdrow\u0105 flor\u0119 bakteryjn\u0105 i u\u0142atwia oczyszczanie przewodu pokarmowego ze z\u0142og\u00f3w. Zmniejsza te\u017c uczucie g\u0142odu. Dodatkowo wykazano, \u017ce babka jajowata wp\u0142ywa korzystnie na poziom glukozy we krwi i wydzielanie insuliny, pomaga zmniejszy\u0107 poziom cholesterolu. Przyniesie te\u017c ulg\u0119 osobom cierpi\u0105cym na stany zapalne jelit, wrzody i nad\u017cerki.<\/span><\/span><\/span><\/p>\n<p align=\"justify\"><span style=\"font-family: Liberation Serif, serif;\"><span style=\"font-size: medium;\"><span style=\"font-family: Comic Sans MS, serif;\"><strong>Przygotowanie<\/strong>: mo\u017ce by\u0107 stosowana jako dodatek do koktajli, owsianek, jogurt\u00f3w, a tak\u017ce jako nap\u00f3j w postaci \u017celu., wystarczy u\u017cy\u0107 2 &#8211; 3 \u0142y\u017ceczki i zala\u0107 je 250 ml wody lub soku. Po 10 min jest gotowy do picia. Dla najlepszych rezultat\u00f3w stosowa\u0107 3 x dziennie. <\/span><span style=\"font-family: Comic Sans MS, serif;\"><b>Podczas spo\u017cywania produktu nale\u017cy pi\u0107 du\u017ce ilo\u015bci wody.<\/b><\/span><\/span><\/span><\/p>\n<p align=\"justify\"><span style=\"font-family: Liberation Serif, serif;\"><span style=\"font-size: medium;\"><span style=\"font-family: Comic Sans MS, serif;\">Sk\u0142adniki: 100% babka jajowata \u0142uska mielona (Plantago ovata).<\/span><\/span><\/span><\/p>\n<p><span style=\"font-family: Liberation Serif, serif;\"><span style=\"font-size: medium;\"><span style=\"font-family: Comic Sans MS, serif;\">Kraj pochodzenia: Indie\u00a0 \u00a0 \u00a0 \u00a0 \u00a0 \u00a0 \u00a0 \u00a0 \u00a0 \u00a0 \u00a0 \u00a0 \u00a0 \u00a0 \u00a0 \u00a0<\/span><span style=\"font-family: Comic Sans MS, serif;\"><b>masa netto 100 g<\/b><\/span><\/span><\/span><\/p>\n<p align=\"justify\"><span style=\"font-family: Liberation Serif, serif;\"><span style=\"font-size: medium;\"><span style=\"font-family: Comic Sans MS, serif;\"><span style=\"font-size: small;\">Warunki przechowywania: przechowywa\u0107 w suchym i zaciemnionym miejscu. <\/span><\/span><\/span><\/span><span style=\"font-family: Liberation Serif, serif;\"><span style=\"font-size: medium;\"><span style=\"font-family: Comic Sans MS, serif;\"><span style=\"font-size: small;\">W zak\u0142adzie pakowane s\u0105 r\u00f3wnie\u017c: sezam, gorczyca, seler, produkty zawieraj\u0105ce gluten, r\u00f3\u017cne orzechy. Pomimo do\u0142o\u017cenia wszelkich stara\u0144 nie mo\u017cna w 100 % wykluczy\u0107 wyst\u0105pienia w produkcie tych surowc\u00f3w.<\/span><\/span><\/span><\/span><\/p>\n","protected":false},"excerpt":{"rendered":"<p><span style=\"font-family: Liberation Serif, serif;\"><span style=\"font-size: medium;\"><span style=\"font-family: Comic Sans MS, serif;\"><b>BABKA JAJOWATA \u2013 \u0142uska mielona<\/b><\/span><\/span><\/span><\/p>\n<p align=\"justify\"><span style=\"font-family: Liberation Serif, serif;\"><span style=\"font-size: medium;\"><span style=\"font-family: Comic Sans MS, serif;\">Bez sztucznych barwnik\u00f3w, bez glutaminianu sodu, bez konserwant\u00f3w.<\/span><\/span><\/span><\/p>\n","protected":false},"featured_media":786,"comment_status":"open","ping_status":"closed","template":"","meta":[],"product_brand":[],"product_cat":[24],"product_tag":[],"class_list":{"0":"post-411","1":"product","2":"type-product","3":"status-publish","4":"has-post-thumbnail","6":"product_cat-ziola","8":"first","9":"instock","10":"taxable","11":"shipping-taxable","12":"purchasable","13":"product-type-simple"},"_links":{"self":[{"href":"https:\/\/sielankaznatury.pl\/index.php\/wp-json\/wp\/v2\/product\/411","targetHints":{"allow":["GET"]}}],"collection":[{"href":"https:\/\/sielankaznatury.pl\/index.php\/wp-json\/wp\/v2\/product"}],"about":[{"href":"https:\/\/sielankaznatury.pl\/index.php\/wp-json\/wp\/v2\/types\/product"}],"replies":[{"embeddable":true,"href":"https:\/\/sielankaznatury.pl\/index.php\/wp-json\/wp\/v2\/comments?post=411"}],"wp:featuredmedia":[{"embeddable":true,"href":"https:\/\/sielankaznatury.pl\/index.php\/wp-json\/wp\/v2\/media\/786"}],"wp:attachment":[{"href":"https:\/\/sielankaznatury.pl\/index.php\/wp-json\/wp\/v2\/media?parent=411"}],"wp:term":[{"taxonomy":"product_brand","embeddable":true,"href":"https:\/\/sielankaznatury.pl\/index.php\/wp-json\/wp\/v2\/product_brand?post=411"},{"taxonomy":"product_cat","embeddable":true,"href":"https:\/\/sielankaznatury.pl\/index.php\/wp-json\/wp\/v2\/product_cat?post=411"},{"taxonomy":"product_tag","embeddable":true,"href":"https:\/\/sielankaznatury.pl\/index.php\/wp-json\/wp\/v2\/product_tag?post=411"}],"curies":[{"name":"wp","href":"https:\/\/api.w.org\/{rel}","templated":true}]}}