{"id":415,"date":"2023-03-25T09:33:05","date_gmt":"2023-03-25T09:33:05","guid":{"rendered":"https:\/\/sielankaznatury.pl\/?post_type=product&#038;p=415"},"modified":"2023-03-25T09:33:05","modified_gmt":"2023-03-25T09:33:05","slug":"babka-plesznik-mielona-100g","status":"publish","type":"product","link":"https:\/\/sielankaznatury.pl\/index.php\/produkt\/babka-plesznik-mielona-100g\/","title":{"rendered":"BABKA P\u0141ESZNIK \u2013 mielona  100g"},"content":{"rendered":"<p><span style=\"font-family: Liberation Serif, serif;\"><span style=\"font-size: medium;\"><span style=\"font-family: Comic Sans MS, serif;\"><b>BABKA P\u0141ESZNIK \u2013 mielona<\/b><\/span><\/span><\/span><\/p>\n<p align=\"justify\"><span style=\"font-family: Liberation Serif, serif;\"><span style=\"font-size: medium;\"><span style=\"font-family: Comic Sans MS, serif;\">Bez sztucznych barwnik\u00f3w, bez glutaminianu sodu, bez konserwant\u00f3w.<\/span><\/span><\/span><\/p>\n<p align=\"justify\"><span style=\"font-family: Liberation Serif, serif;\"><span style=\"font-size: medium;\"><span style=\"font-family: Comic Sans MS, serif;\">Br\u0105zowe ziarna babki s\u0105 \u017ar\u00f3d\u0142em b\u0142onnika, dzi\u0119ki obecno\u015bci substancji \u015bluzowych, wykazuj\u0105 dzia\u0142anie wype\u0142niaj\u0105ce, zwi\u0119kszaj\u0105ce obj\u0119to\u015b\u0107 masy ka\u0142owej, poprawiaj\u0105c perystaltyk\u0119 jelit, usprawniaj\u0105c procesy trawienne oraz powoduj\u0105c uczucie nasycenia.<\/span><\/span><\/span><\/p>\n<p align=\"justify\"><span style=\"font-family: Liberation Serif, serif;\"><span style=\"font-size: medium;\"><span style=\"font-family: Comic Sans MS, serif;\">Babka p\u0142esznik \u0142agodzi dolegliwo\u015bci zwi\u0105zane z choroba hemoroidaln\u0105; pozwala obni\u017cy\u0107 poziom cukru i cholesterolu; wspomaga odchudzanie; zapobiega zaparciom, biegunkom i wzd\u0119ciom; przyspiesza oczyszczanie organizmu z toksyn; za spraw\u0105 \u015bluzu powleka b\u0142ony \u015bluzowe uk\u0142adu pokarmowego chroni\u0105c go przed podra\u017cnieniami.<\/span><\/span><\/span><\/p>\n<p align=\"justify\"><span style=\"font-family: Liberation Serif, serif;\"><span style=\"font-size: medium;\"><span style=\"font-family: Comic Sans MS, serif;\"><b>Przygotowanie:<\/b><\/span><span style=\"font-family: Comic Sans MS, serif;\"> mo\u017ce by\u0107 stosowana jako dodatek do koktajli, owsianek, jogurt\u00f3w,<br \/>\na tak\u017ce jako nap\u00f3j w postaci \u017celu. Aby go otrzyma\u0107 wystarczy u\u017cy\u0107 2 \u2013 3 \u0142y\u017ceczki (10 &#8211; 15 g) i zala\u0107 je 250 ml wody lub soku. Po 10 min jest gotowy do picia. <\/span><\/span><\/span><span style=\"font-family: Liberation Serif, serif;\"><span style=\"font-size: medium;\"><span style=\"font-family: Comic Sans MS, serif;\">Dla najlepszych rezultat\u00f3w stosowa\u0107 3 razy dziennie. <\/span><span style=\"font-family: Comic Sans MS, serif;\"><b>Podczas spo\u017cywania produktu <\/b><\/span><\/span><\/span><span style=\"font-family: Liberation Serif, serif;\"><span style=\"font-size: medium;\"><span style=\"font-family: Comic Sans MS, serif;\"><b>nale\u017cy pi\u0107 du\u017ce ilo\u015bci wody.<\/b><\/span><\/span><\/span><\/p>\n<p align=\"justify\"><span style=\"font-family: Liberation Serif, serif;\"><span style=\"font-size: medium;\"><span style=\"font-family: Comic Sans MS, serif;\">Sk\u0142adniki: 100% babka p\u0142esznik (Plantago psyllium).<\/span><\/span><\/span><\/p>\n<p><span style=\"font-family: Liberation Serif, serif;\"><span style=\"font-size: medium;\"><span style=\"font-family: Comic Sans MS, serif;\">Kraj pochodzenia: POLSKA\u00a0 \u00a0 \u00a0 \u00a0 \u00a0 \u00a0 \u00a0 \u00a0 \u00a0 \u00a0 \u00a0 \u00a0 \u00a0 \u00a0 \u00a0 \u00a0 \u00a0 \u00a0<\/span><span style=\"font-family: Comic Sans MS, serif;\"><b>masa netto 100 g<\/b><\/span><\/span><\/span><\/p>\n<p align=\"justify\"><span style=\"font-family: Liberation Serif, serif;\"><span style=\"font-size: medium;\"><span style=\"font-family: Comic Sans MS, serif;\"><span style=\"font-size: small;\">Warunki przechowywania: przechowywa\u0107 w suchym i zaciemnionym miejscu. <\/span><\/span><\/span><\/span><span style=\"font-family: Liberation Serif, serif;\"><span style=\"font-size: medium;\"><span style=\"font-family: Comic Sans MS, serif;\"><span style=\"font-size: small;\">W zak\u0142adzie pakowane s\u0105 r\u00f3wnie\u017c: sezam, gorczyca, seler, produkty zawieraj\u0105ce gluten, r\u00f3\u017cne orzechy. Pomimo do\u0142o\u017cenia wszelkich stara\u0144 nie mo\u017cna w 100 % wykluczy\u0107 wyst\u0105pienia w produkcie tych surowc\u00f3w.<\/span><\/span><\/span><\/span><\/p>\n","protected":false},"excerpt":{"rendered":"<p><span style=\"font-family: Liberation Serif, serif;\"><span style=\"font-size: medium;\"><span style=\"font-family: Comic Sans MS, serif;\"><b>BABKA P\u0141ESZNIK \u2013 mielona<\/b><\/span><\/span><\/span><\/p>\n<p align=\"justify\"><span style=\"font-family: Liberation Serif, serif;\"><span style=\"font-size: medium;\"><span style=\"font-family: Comic Sans MS, serif;\">Bez sztucznych barwnik\u00f3w, bez glutaminianu sodu, bez konserwant\u00f3w.<\/span><\/span><\/span><\/p>\n","protected":false},"featured_media":416,"comment_status":"open","ping_status":"closed","template":"","meta":[],"product_brand":[],"product_cat":[24],"product_tag":[],"class_list":{"0":"post-415","1":"product","2":"type-product","3":"status-publish","4":"has-post-thumbnail","6":"product_cat-ziola","8":"first","9":"instock","10":"taxable","11":"shipping-taxable","12":"purchasable","13":"product-type-simple"},"_links":{"self":[{"href":"https:\/\/sielankaznatury.pl\/index.php\/wp-json\/wp\/v2\/product\/415","targetHints":{"allow":["GET"]}}],"collection":[{"href":"https:\/\/sielankaznatury.pl\/index.php\/wp-json\/wp\/v2\/product"}],"about":[{"href":"https:\/\/sielankaznatury.pl\/index.php\/wp-json\/wp\/v2\/types\/product"}],"replies":[{"embeddable":true,"href":"https:\/\/sielankaznatury.pl\/index.php\/wp-json\/wp\/v2\/comments?post=415"}],"wp:featuredmedia":[{"embeddable":true,"href":"https:\/\/sielankaznatury.pl\/index.php\/wp-json\/wp\/v2\/media\/416"}],"wp:attachment":[{"href":"https:\/\/sielankaznatury.pl\/index.php\/wp-json\/wp\/v2\/media?parent=415"}],"wp:term":[{"taxonomy":"product_brand","embeddable":true,"href":"https:\/\/sielankaznatury.pl\/index.php\/wp-json\/wp\/v2\/product_brand?post=415"},{"taxonomy":"product_cat","embeddable":true,"href":"https:\/\/sielankaznatury.pl\/index.php\/wp-json\/wp\/v2\/product_cat?post=415"},{"taxonomy":"product_tag","embeddable":true,"href":"https:\/\/sielankaznatury.pl\/index.php\/wp-json\/wp\/v2\/product_tag?post=415"}],"curies":[{"name":"wp","href":"https:\/\/api.w.org\/{rel}","templated":true}]}}