{"id":417,"date":"2023-03-25T09:39:26","date_gmt":"2023-03-25T09:39:26","guid":{"rendered":"https:\/\/sielankaznatury.pl\/?post_type=product&#038;p=417"},"modified":"2024-02-26T13:56:45","modified_gmt":"2024-02-26T13:56:45","slug":"bez-czarny-kwiat-50g","status":"publish","type":"product","link":"https:\/\/sielankaznatury.pl\/index.php\/produkt\/bez-czarny-kwiat-50g\/","title":{"rendered":"BEZ CZARNY &#8211; KWIAT   50g"},"content":{"rendered":"<p><span style=\"font-family: Liberation Serif, serif;\"><span style=\"font-size: medium;\"><span style=\"font-family: Comic Sans MS, serif;\"><b>BEZ CZARNY &#8211; KWIAT<\/b><\/span><\/span><\/span><\/p>\n<p align=\"justify\"><span style=\"font-family: Comic Sans MS, serif;\"><span style=\"font-size: medium;\">Bez sztucznych barwnik\u00f3w, bez konserwant\u00f3w.<\/span><\/span><\/p>\n<p align=\"justify\"><span style=\"font-family: Liberation Serif, serif;\"><span style=\"font-size: medium;\"><span style=\"font-family: Comic Sans MS, serif;\">Czarny bez, popularnie zwany hy\u0107k\u0105, jest surowcem zielarskim, kwitnie od maja do czerwca. Wszystkie cz\u0119\u015bci czarnego bzu zawieraj\u0105 toksyczny sk\u0142adnik zwany sambunigryn\u0105, kt\u00f3ry podczas gotowania i suszenia ulega rozk\u0142adowi. Nie nale\u017cy wi\u0119c je\u015b\u0107 kwiat\u00f3w na surowo. Spo\u017cywanie przetworzonego czarnego bzu jest ca\u0142kowicie bezpieczne. Kwiaty czarnego bzu mo\u017cna wykorzystywa\u0107 do przygotowania naparu, inhalacji dr\u00f3g oddechowych, par\u00f3wek i k\u0105pieli, a tak\u017ce dodawa\u0107 do innych herbatek.<\/span><\/span><\/span><\/p>\n<p align=\"justify\"><span style=\"font-family: Liberation Serif, serif;\"><span style=\"font-size: medium;\"><span style=\"font-family: Comic Sans MS, serif;\">\u0141agodz\u0105 wiele dolegliwo\u015bci, wzmacniaj\u0105 naturaln\u0105 odporno\u015b\u0107, dzia\u0142aj\u0105 napotnie, oczyszczaj\u0105co, pozwalaj\u0105 szybciej zwalczy\u0107 kaszel i katar. Czarny bez kwiat jest znakomitym naturalnym sposobem na sezon przezi\u0119bie\u0144, grypy i os\u0142abienia.<\/span><\/span><\/span><\/p>\n<p align=\"justify\"><span style=\"font-family: Liberation Serif, serif;\"><span style=\"font-size: medium;\"><span style=\"font-family: Comic Sans MS, serif;\"><b>NAPAR\/ ODWAR:<\/b><\/span><span style=\"font-family: Comic Sans MS, serif;\"> zalej 1 \u0142y\u017ck\u0119 kwiat\u00f3w bzu szklank\u0105 wrz\u0105cej wody i zaparzaj pod przykryciem przez 15 minut. Mo\u017cesz te\u017c gotowa\u0107 kwiaty przez 3 minuty po doprowadzeniu do wrzenia, uzyskuj\u0105c odwar. Pij ciep\u0142y nap\u00f3j z czarnego bzu 2-3 razy dziennie.<\/span><\/span><\/span><\/p>\n<p align=\"justify\"><span style=\"font-family: Liberation Serif, serif;\"><span style=\"font-size: medium;\"><span style=\"font-family: Comic Sans MS, serif;\">Sk\u0142adniki: 100% kwiat bzu czarnego (Sambuci flos).<\/span><\/span><\/span><\/p>\n<p><span style=\"font-family: Liberation Serif, serif;\"><span style=\"font-size: medium;\"><span style=\"font-family: Comic Sans MS, serif;\">Kraj pochodzenia: POLSKA\u00a0 \u00a0 \u00a0 \u00a0 \u00a0 \u00a0 \u00a0 \u00a0 \u00a0 \u00a0<\/span><span style=\"font-family: Comic Sans MS, serif;\"><b>masa netto 50 g<\/b><\/span><\/span><\/span><\/p>\n<p align=\"justify\"><span style=\"font-family: Liberation Serif, serif;\"><span style=\"font-size: small;\"><span style=\"font-family: Comic Sans MS, serif;\">Warunki przechowywania: przechowywa\u0107 w suchym i zaciemnionym miejscu. <\/span><\/span><\/span><span style=\"font-family: Liberation Serif, serif;\"><span style=\"font-size: medium;\"><span style=\"font-family: Comic Sans MS, serif;\"><span style=\"font-size: small;\">W zak\u0142adzie pakowane s\u0105 r\u00f3wnie\u017c: sezam, gorczyca, seler, produkty zawieraj\u0105ce gluten, r\u00f3\u017cne orzechy. Pomimo do\u0142o\u017cenia wszelkich stara\u0144 nie mo\u017cna w 100 % wykluczy\u0107 wyst\u0105pienia w produkcie tych surowc\u00f3w.<\/span><\/span><\/span><\/span><\/p>\n","protected":false},"excerpt":{"rendered":"<p><span style=\"font-family: Liberation Serif, serif;\"><span style=\"font-size: medium;\"><span style=\"font-family: Comic Sans MS, serif;\"><b>BEZ CZARNY &#8211; KWIAT<\/b><\/span><\/span><\/span><\/p>\n<p align=\"justify\"><span style=\"font-family: Comic Sans MS, serif;\"><span style=\"font-size: medium;\">Bez sztucznych barwnik\u00f3w, bez konserwant\u00f3w.<\/span><\/span><\/p>\n","protected":false},"featured_media":418,"comment_status":"open","ping_status":"closed","template":"","meta":[],"product_brand":[],"product_cat":[24],"product_tag":[],"class_list":{"0":"post-417","1":"product","2":"type-product","3":"status-publish","4":"has-post-thumbnail","6":"product_cat-ziola","8":"first","9":"instock","10":"taxable","11":"shipping-taxable","12":"purchasable","13":"product-type-simple"},"_links":{"self":[{"href":"https:\/\/sielankaznatury.pl\/index.php\/wp-json\/wp\/v2\/product\/417","targetHints":{"allow":["GET"]}}],"collection":[{"href":"https:\/\/sielankaznatury.pl\/index.php\/wp-json\/wp\/v2\/product"}],"about":[{"href":"https:\/\/sielankaznatury.pl\/index.php\/wp-json\/wp\/v2\/types\/product"}],"replies":[{"embeddable":true,"href":"https:\/\/sielankaznatury.pl\/index.php\/wp-json\/wp\/v2\/comments?post=417"}],"wp:featuredmedia":[{"embeddable":true,"href":"https:\/\/sielankaznatury.pl\/index.php\/wp-json\/wp\/v2\/media\/418"}],"wp:attachment":[{"href":"https:\/\/sielankaznatury.pl\/index.php\/wp-json\/wp\/v2\/media?parent=417"}],"wp:term":[{"taxonomy":"product_brand","embeddable":true,"href":"https:\/\/sielankaznatury.pl\/index.php\/wp-json\/wp\/v2\/product_brand?post=417"},{"taxonomy":"product_cat","embeddable":true,"href":"https:\/\/sielankaznatury.pl\/index.php\/wp-json\/wp\/v2\/product_cat?post=417"},{"taxonomy":"product_tag","embeddable":true,"href":"https:\/\/sielankaznatury.pl\/index.php\/wp-json\/wp\/v2\/product_tag?post=417"}],"curies":[{"name":"wp","href":"https:\/\/api.w.org\/{rel}","templated":true}]}}