{"id":419,"date":"2023-03-25T10:55:37","date_gmt":"2023-03-25T10:55:37","guid":{"rendered":"https:\/\/sielankaznatury.pl\/?post_type=product&#038;p=419"},"modified":"2024-05-06T09:48:41","modified_gmt":"2024-05-06T09:48:41","slug":"brzoza-kora-cieta-50g","status":"publish","type":"product","link":"https:\/\/sielankaznatury.pl\/index.php\/produkt\/brzoza-kora-cieta-50g\/","title":{"rendered":"BRZOZA KORA CI\u0118TA  50g"},"content":{"rendered":"<p><span style=\"font-family: Liberation Serif, serif;\"><span style=\"font-size: medium;\"><span style=\"font-family: Comic Sans MS, serif;\"><b>BRZOZA KORA CI\u0118TA<\/b><\/span><\/span><\/span><\/p>\n<p align=\"justify\"><span style=\"font-family: Liberation Serif, serif;\"><span style=\"font-size: medium;\"><span style=\"font-family: Comic Sans MS, serif;\">Bez sztucznych barwnik\u00f3w, bez konserwant\u00f3w.<\/span><\/span><\/span><\/p>\n<p align=\"justify\"><span style=\"font-family: Liberation Serif, serif;\"><span style=\"font-size: medium;\"><span style=\"font-family: Comic Sans MS, serif;\">Kora brzozy w zio\u0142olecznictwie stosowana jest przy leczeniu przezi\u0119bienia, b\u00f3li g\u0142owy oraz staw\u00f3w. Kora brzozy ma charakterystyczny bia\u0142awy kolor, jest to spowodowane wysok\u0105 zawarto\u015bci\u0105 betuliny \u2013 substancji chemicznej naturalnie w niej zawartej nale\u017c\u0105cej do zwi\u0105zk\u00f3w triterpenowych. To w\u0142a\u015bnie ona jest odpowiedzialna za wi\u0119kszo\u015b\u0107 zdrowotnych w\u0142a\u015bciwo\u015bci kory z brzozy, m.in.: \u0142agodzenie b\u00f3lu g\u0142owy; zmniejszenie stan\u00f3w gor\u0105czkowych; stymulacj\u0119 uk\u0142adu; trawiennego; przyczynianie si\u0119 do eliminacji nadmiaru wody w organizmie i za\u0142agodzenie wzd\u0119\u0107; rozrzedzanie krwi (jest naturalnym prekursorem aspiryny; zwalczanie infekcje dr\u00f3g moczowych przez naturalne dzia\u0142anie moczop\u0119dne; zwalczanie wirus\u00f3w i bakterii. Dodatkowo kora brzozowa zawiera m.in.: betulozyd, saponiny, kwasy \u017cywicowe, garbniki, kumaryny, olejki eteryczne oraz witaminy \u2013 w szczeg\u00f3lno\u015bci witamin\u0119 C. Co najwa\u017cniejsze kora brzozy jest ca\u0142kowicie naturalna i w przeciwie\u0144stwie do aspiryny nie powoduje \u017co\u0142\u0105dkowo-jelitowych skutk\u00f3w ubocznych.<\/span><\/span><\/span><\/p>\n<p align=\"justify\"><span style=\"font-family: Liberation Serif, serif;\"><span style=\"font-size: medium;\"><span style=\"font-family: Comic Sans MS, serif;\"><b>NAPAR: <\/b><\/span><span style=\"font-family: Comic Sans MS, serif;\">ilo\u015b\u0107 kory-1 \u0142y\u017ceczka, temp. 100\u00b0C, czas zaparzania 10-15 minut. Napar mo\u017cna dos\u0142odzi\u0107 miodem, a smak urozmaici\u0107 imbirem czy kardamonem.<\/span><\/span><\/span><\/p>\n<p align=\"justify\"><span style=\"font-family: Liberation Serif, serif;\"><span style=\"font-size: medium;\"><span style=\"font-family: Comic Sans MS, serif;\"><b>ODWAR:<\/b><\/span><span style=\"font-family: Comic Sans MS, serif;\"> ilo\u015b\u0107 wody-2szklanki\/3 \u0142y\u017cki kory. Od momentu wrzenia gotuj przez ok 10-15 <\/span><\/span><\/span><span style=\"font-family: Liberation Serif, serif;\"><span style=\"font-size: medium;\"><span style=\"font-family: Comic Sans MS, serif;\">minut. Przeced\u017a przez sitko i zostaw do wystygni\u0119cia. Taki odwar mo\u017cesz spo\u017cywa\u0107 <\/span><\/span><\/span><span style=\"font-family: Liberation Serif, serif;\"><span style=\"font-size: medium;\"><span style=\"font-family: Comic Sans MS, serif;\">4 razy dziennie po p\u00f3\u0142 szklanki. <\/span><\/span><\/span><\/p>\n<p align=\"justify\"><span style=\"font-family: Liberation Serif, serif;\"><span style=\"font-size: medium;\"><span style=\"font-family: Comic Sans MS, serif;\">Sk\u0142adniki: 100% Brzoza kora ci\u0119ta (Betula cortex concisus).<\/span><\/span><\/span><\/p>\n<p><span style=\"font-family: Liberation Serif, serif;\"><span style=\"font-size: medium;\"><span style=\"font-family: Comic Sans MS, serif;\">Kraj pochodzenia: POLSKA\u00a0 \u00a0 \u00a0 \u00a0 \u00a0 \u00a0 \u00a0 \u00a0 \u00a0 \u00a0 \u00a0 \u00a0<\/span><span style=\"font-family: Comic Sans MS, serif;\"><b>masa netto 50 g<\/b><\/span><\/span><\/span><\/p>\n<p align=\"justify\"><span style=\"font-family: Liberation Serif, serif;\"><span style=\"font-size: medium;\"><span style=\"font-family: Comic Sans MS, serif;\"><span style=\"font-size: small;\">Warunki przechowywania: przechowywa\u0107 w suchym i zaciemnionym miejscu. <\/span><\/span><\/span><\/span><span style=\"font-family: Liberation Serif, serif;\"><span style=\"font-size: medium;\"><span style=\"font-family: Comic Sans MS, serif;\"><span style=\"font-size: small;\">W zak\u0142adzie pakowane s\u0105 r\u00f3wnie\u017c: sezam, gorczyca, seler, produkty zawieraj\u0105ce gluten, r\u00f3\u017cne orzechy. Pomimo do\u0142o\u017cenia wszelkich stara\u0144 nie mo\u017cna w 100 % wykluczy\u0107 wyst\u0105pienia w produkcie tych surowc\u00f3w.<\/span><\/span><\/span><\/span><\/p>\n","protected":false},"excerpt":{"rendered":"<p><span style=\"font-family: Liberation Serif, serif;\"><span style=\"font-size: medium;\"><span style=\"font-family: Comic Sans MS, serif;\"><b>BRZOZA KORA CI\u0118TA<\/b><\/span><\/span><\/span><\/p>\n<p align=\"justify\"><span style=\"font-family: Liberation Serif, serif;\"><span style=\"font-size: medium;\"><span style=\"font-family: Comic Sans MS, serif;\">Bez sztucznych barwnik\u00f3w, bez konserwant\u00f3w.<\/span><\/span><\/span><\/p>\n","protected":false},"featured_media":420,"comment_status":"open","ping_status":"closed","template":"","meta":[],"product_brand":[],"product_cat":[24],"product_tag":[],"class_list":{"0":"post-419","1":"product","2":"type-product","3":"status-publish","4":"has-post-thumbnail","6":"product_cat-ziola","8":"first","9":"outofstock","10":"taxable","11":"shipping-taxable","12":"purchasable","13":"product-type-simple"},"_links":{"self":[{"href":"https:\/\/sielankaznatury.pl\/index.php\/wp-json\/wp\/v2\/product\/419","targetHints":{"allow":["GET"]}}],"collection":[{"href":"https:\/\/sielankaznatury.pl\/index.php\/wp-json\/wp\/v2\/product"}],"about":[{"href":"https:\/\/sielankaznatury.pl\/index.php\/wp-json\/wp\/v2\/types\/product"}],"replies":[{"embeddable":true,"href":"https:\/\/sielankaznatury.pl\/index.php\/wp-json\/wp\/v2\/comments?post=419"}],"wp:featuredmedia":[{"embeddable":true,"href":"https:\/\/sielankaznatury.pl\/index.php\/wp-json\/wp\/v2\/media\/420"}],"wp:attachment":[{"href":"https:\/\/sielankaznatury.pl\/index.php\/wp-json\/wp\/v2\/media?parent=419"}],"wp:term":[{"taxonomy":"product_brand","embeddable":true,"href":"https:\/\/sielankaznatury.pl\/index.php\/wp-json\/wp\/v2\/product_brand?post=419"},{"taxonomy":"product_cat","embeddable":true,"href":"https:\/\/sielankaznatury.pl\/index.php\/wp-json\/wp\/v2\/product_cat?post=419"},{"taxonomy":"product_tag","embeddable":true,"href":"https:\/\/sielankaznatury.pl\/index.php\/wp-json\/wp\/v2\/product_tag?post=419"}],"curies":[{"name":"wp","href":"https:\/\/api.w.org\/{rel}","templated":true}]}}