{"id":421,"date":"2023-03-25T10:59:26","date_gmt":"2023-03-25T10:59:26","guid":{"rendered":"https:\/\/sielankaznatury.pl\/?post_type=product&#038;p=421"},"modified":"2024-02-26T14:07:03","modified_gmt":"2024-02-26T14:07:03","slug":"chmiel-szyszki-50g","status":"publish","type":"product","link":"https:\/\/sielankaznatury.pl\/index.php\/produkt\/chmiel-szyszki-50g\/","title":{"rendered":"CHMIEL SZYSZKI  50g"},"content":{"rendered":"<p><span style=\"font-family: Liberation Serif, serif;\"><span style=\"font-size: medium;\"><span style=\"font-family: Comic Sans MS, serif;\"><b>CHMIEL SZYSZKI<\/b><\/span><\/span><\/span><\/p>\n<p align=\"justify\"><span style=\"font-family: Comic Sans MS, serif;\"><span style=\"font-size: medium;\">Bez sztucznych barwnik\u00f3w, bez konserwant\u00f3w.<\/span><\/span><\/p>\n<p align=\"justify\"><span style=\"font-family: Liberation Serif, serif;\"><span style=\"font-size: medium;\"><span style=\"font-family: Comic Sans MS, serif;\">Chmiel zawiera m.in. \u017cywice, bia\u0142ka, polifenole i olejki eteryczne. Chocia\u017c znany jest g\u0142\u00f3wnie jako jeden z czterech sk\u0142adnik\u00f3w piwa, to wcze\u015bniej by\u0142 z powodzeniem stosowany jako ro\u015blina lecznicza. Napar z szyszek chmielu wykazuje dzia\u0142anie uspokajaj\u0105ce, moczop\u0119dne, rozkurczowe, przeciwb\u00f3lowe i wzmacnia nasz organizm. Co ciekawe, spo\u017cywanie naparu z chmielu mo\u017ce wp\u0142ywa\u0107 korzystnie na bezsenno\u015b\u0107. Polecany jest tak\u017ce wspomagaj\u0105co przy niestrawno\u015bci. Ponadto chmiel zawiera fitoestrogeny \u2013 zwi\u0105zki organiczne zawarte w ro\u015blinach, kt\u00f3re w budowie i dzia\u0142aniu przypominaj\u0105 \u017ce\u0144skie estrogeny &#8211; \u0142agodz\u0105 przebieg menopauzy.<\/span><\/span><\/span><\/p>\n<p align=\"justify\"><span style=\"font-family: Liberation Serif, serif;\"><span style=\"font-size: medium;\"><span style=\"font-family: Comic Sans MS, serif;\"><b>PRZYGOTOWANIE: <\/b><\/span><span style=\"font-family: Comic Sans MS, serif;\">1-2 \u0142y\u017cki szyszek chmielu zalej szklank\u0105 wrz\u0105cej wody<br \/>\ni pozostaw pod przykryciem na 15 minut. <\/span><\/span><\/span><\/p>\n<p align=\"justify\"><span style=\"font-family: Liberation Serif, serif;\"><span style=\"font-size: medium;\"><span style=\"font-family: Comic Sans MS, serif;\">Sk\u0142adniki: 100% szyszki chmielu (Humulus lupulus).<\/span><\/span><\/span><\/p>\n<p><span style=\"font-family: Liberation Serif, serif;\"><span style=\"font-size: medium;\"><span style=\"font-family: Comic Sans MS, serif;\">Kraj pochodzenia: POLSKA\u00a0 \u00a0 \u00a0 \u00a0 \u00a0 \u00a0 \u00a0 \u00a0 \u00a0 \u00a0 \u00a0 \u00a0 \u00a0 \u00a0 <\/span><span style=\"font-family: Comic Sans MS, serif;\"><b>masa netto 50 g<\/b><\/span><\/span><\/span><\/p>\n<p align=\"justify\"><span style=\"font-family: Liberation Serif, serif;\"><span style=\"font-size: medium;\"><span style=\"font-family: Comic Sans MS, serif;\"><span style=\"font-size: small;\">Warunki przechowywania: przechowywa\u0107 w suchym i zaciemnionym miejscu. <\/span><\/span><\/span><\/span><span style=\"font-family: Liberation Serif, serif;\"><span style=\"font-size: medium;\"><span style=\"font-family: Comic Sans MS, serif;\"><span style=\"font-size: small;\">W zak\u0142adzie pakowane s\u0105 r\u00f3wnie\u017c: sezam, gorczyca, seler, produkty zawieraj\u0105ce gluten, r\u00f3\u017cne orzechy. Pomimo do\u0142o\u017cenia wszelkich stara\u0144 nie mo\u017cna w 100 % wykluczy\u0107 wyst\u0105pienia w produkcie tych surowc\u00f3w.<\/span><\/span><\/span><\/span><\/p>\n","protected":false},"excerpt":{"rendered":"<p><span style=\"font-family: Liberation Serif, serif;\"><span style=\"font-size: medium;\"><span style=\"font-family: Comic Sans MS, serif;\"><b>CHMIEL SZYSZKI<\/b><\/span><\/span><\/span><\/p>\n<p align=\"justify\"><span style=\"font-family: Comic Sans MS, serif;\"><span style=\"font-size: medium;\">Bez sztucznych barwnik\u00f3w, bez konserwant\u00f3w.<\/span><\/span><\/p>\n","protected":false},"featured_media":422,"comment_status":"open","ping_status":"closed","template":"","meta":[],"product_brand":[],"product_cat":[24],"product_tag":[],"class_list":{"0":"post-421","1":"product","2":"type-product","3":"status-publish","4":"has-post-thumbnail","6":"product_cat-ziola","8":"first","9":"instock","10":"taxable","11":"shipping-taxable","12":"purchasable","13":"product-type-simple"},"_links":{"self":[{"href":"https:\/\/sielankaznatury.pl\/index.php\/wp-json\/wp\/v2\/product\/421","targetHints":{"allow":["GET"]}}],"collection":[{"href":"https:\/\/sielankaznatury.pl\/index.php\/wp-json\/wp\/v2\/product"}],"about":[{"href":"https:\/\/sielankaznatury.pl\/index.php\/wp-json\/wp\/v2\/types\/product"}],"replies":[{"embeddable":true,"href":"https:\/\/sielankaznatury.pl\/index.php\/wp-json\/wp\/v2\/comments?post=421"}],"wp:featuredmedia":[{"embeddable":true,"href":"https:\/\/sielankaznatury.pl\/index.php\/wp-json\/wp\/v2\/media\/422"}],"wp:attachment":[{"href":"https:\/\/sielankaznatury.pl\/index.php\/wp-json\/wp\/v2\/media?parent=421"}],"wp:term":[{"taxonomy":"product_brand","embeddable":true,"href":"https:\/\/sielankaznatury.pl\/index.php\/wp-json\/wp\/v2\/product_brand?post=421"},{"taxonomy":"product_cat","embeddable":true,"href":"https:\/\/sielankaznatury.pl\/index.php\/wp-json\/wp\/v2\/product_cat?post=421"},{"taxonomy":"product_tag","embeddable":true,"href":"https:\/\/sielankaznatury.pl\/index.php\/wp-json\/wp\/v2\/product_tag?post=421"}],"curies":[{"name":"wp","href":"https:\/\/api.w.org\/{rel}","templated":true}]}}