{"id":423,"date":"2023-03-25T11:07:50","date_gmt":"2023-03-25T11:07:50","guid":{"rendered":"https:\/\/sielankaznatury.pl\/?post_type=product&#038;p=423"},"modified":"2025-12-30T15:28:32","modified_gmt":"2025-12-30T15:28:32","slug":"czystek-50g","status":"publish","type":"product","link":"https:\/\/sielankaznatury.pl\/index.php\/produkt\/czystek-50g\/","title":{"rendered":"CZYSTEK   50g"},"content":{"rendered":"<p><span style=\"font-family: Liberation Serif, serif;\"><span style=\"font-size: medium;\"><span style=\"font-family: Comic Sans MS, serif;\"><b>CZYSTEK<\/b><\/span><\/span><\/span><\/p>\n<p align=\"justify\"><span style=\"font-family: Comic Sans MS, serif;\"><span style=\"font-size: medium;\">Bez sztucznych barwnik\u00f3w, bez konserwant\u00f3w.<\/span><\/span><\/p>\n<p align=\"justify\"><span style=\"font-family: Liberation Serif, serif;\"><span style=\"font-size: medium;\"><span style=\"font-family: Comic Sans MS, serif;\"><b>Czystek<\/b><\/span><span style=\"font-family: Comic Sans MS, serif;\"> charakteryzuje si\u0119 przyjemnym, \u017cywicznym aromatem. Napar z czystka znany jest od wiek\u00f3w ze wzgl\u0119du na dobroczynne w\u0142a\u015bciwo\u015bci i wspania\u0142y smak. Ziele to, chocia\u017c niepozornie ma pozytywny wp\u0142yw na nasz organizm.<\/span><\/span><\/span><\/p>\n<p align=\"justify\"><span style=\"font-family: Liberation Serif, serif;\"><span style=\"font-size: medium;\"><span style=\"font-family: Comic Sans MS, serif;\"><b>Napar <\/b><\/span><span style=\"font-family: Comic Sans MS, serif;\">ma dzia\u0142anie:<\/span><\/span><\/span><\/p>\n<ul>\n<li>\n<p align=\"justify\"><span style=\"font-family: Liberation Serif, serif;\"><span style=\"font-size: medium;\"><span style=\"font-family: Comic Sans MS, serif;\">Antybakteryjne, dlatego dzia\u0142a \u015bwietnie nie tylko od wewn\u0105trz, ale te\u017c na zewn\u0105trz. \u015amia\u0142o stosuj go jako ok\u0142ady na grzybice sk\u00f3ry, paznokci, na opryszczk\u0119 i stany zapalne spoj\u00f3wek.<\/span><\/span><\/span><\/p>\n<\/li>\n<li>\n<p align=\"justify\"><span style=\"font-family: Liberation Serif, serif;\"><span style=\"font-size: medium;\"><span style=\"font-family: Comic Sans MS, serif;\">Oczyszczaj\u0105ce, poniewa\u017c wykazuje w\u0142a\u015bciwo\u015bci moczop\u0119dne. Pomaga pozby\u0107 si\u0119<br \/>\norganizmu metali ci\u0119\u017ckich, kt\u00f3re kumuluj\u0105 si\u0119 pod wp\u0142ywem zanieczyszczonego \u015brodowiska i produkt\u00f3w spo\u017cywczych.<\/span><\/span><\/span><\/p>\n<\/li>\n<li>\n<p align=\"justify\"><span style=\"font-family: Liberation Serif, serif;\"><span style=\"font-size: medium;\"><span style=\"font-family: Comic Sans MS, serif;\">Przeciwzapalne i przeciwgrzybiczne \u2013 nie pozwala na namna\u017canie si\u0119 bakterii<br \/>\nw organizmie. Wzmacnia odporno\u015b\u0107 i pomaga radzi\u0107 sobie z przezi\u0119bieniami oraz uporczywym kaszlem.<\/span><\/span><\/span><\/p>\n<\/li>\n<li>\n<p align=\"justify\"><span style=\"font-family: Liberation Serif, serif;\"><span style=\"font-size: medium;\"><span style=\"font-family: Comic Sans MS, serif;\">Spowalnia procesy starzenia dzi\u0119ki du\u017cej zawarto\u015bci antyoksydant\u00f3w.<\/span><\/span><\/span><\/p>\n<\/li>\n<li>\n<p align=\"justify\"><span style=\"font-family: Liberation Serif, serif;\"><span style=\"font-size: medium;\"><span style=\"font-family: Comic Sans MS, serif;\">Chroni przed borelioz\u0105 i jej skutkami. Likwiduje nieprzyjemne zapachy wydzielin cia\u0142a takich jak pot.<\/span><\/span><\/span><\/p>\n<\/li>\n<\/ul>\n<p align=\"justify\"><span style=\"font-family: Liberation Serif, serif;\"><span style=\"font-size: medium;\"><span style=\"font-family: Comic Sans MS, serif;\"><b>NAPAR:<\/b><\/span><span style=\"font-family: Comic Sans MS, serif;\"> do fili\u017canki wsypa\u0107 1 \u0142y\u017ceczk\u0119 czystka, zala\u0107 wrz\u0105tkiem i parzy\u0107 przez oko\u0142o 5-10 minut. Napar mo\u017cna wzbogaci\u0107 o naturalne soki, mi\u00f3d czy kawa\u0142ki owoc\u00f3w. Nie zaleca si\u0119 spo\u017cywa\u0107 wi\u0119cej ni\u017c 2 szklanki dziennie naparu z czystka.<\/span><\/span><\/span><\/p>\n<p align=\"justify\"><span style=\"font-family: Liberation Serif, serif;\"><span style=\"font-size: medium;\"><span style=\"font-family: Comic Sans MS, serif;\">Sk\u0142adniki: 100% li\u015b\u0107 czystka. (Cistus incanus).<\/span><\/span><\/span><\/p>\n<p><span style=\"font-family: Liberation Serif, serif;\"><span style=\"font-size: medium;\"><span style=\"font-family: Comic Sans MS, serif;\">Kraj pochodzenia: Turcja\u00a0 \u00a0 \u00a0 \u00a0 \u00a0 \u00a0 \u00a0 \u00a0 \u00a0 \u00a0 \u00a0 \u00a0 \u00a0 \u00a0 \u00a0<\/span><span style=\"font-family: Comic Sans MS, serif;\"><b>masa netto 50 g<\/b><\/span><\/span><\/span><\/p>\n<p align=\"justify\"><span style=\"font-family: Liberation Serif, serif;\"><span style=\"font-size: medium;\"><span style=\"font-family: Comic Sans MS, serif;\"><span style=\"font-size: small;\">Warunki przechowywania: przechowywa\u0107 w suchym i zaciemnionym miejscu. <\/span><\/span><\/span><\/span><span style=\"font-family: Liberation Serif, serif;\"><span style=\"font-size: medium;\"><span style=\"font-family: Comic Sans MS, serif;\"><span style=\"font-size: small;\">W zak\u0142adzie pakowane s\u0105 r\u00f3wnie\u017c: sezam, gorczyca, seler, produkty zawieraj\u0105ce gluten, r\u00f3\u017cne orzechy. Pomimo do\u0142o\u017cenia wszelkich stara\u0144 nie mo\u017cna w 100 % wykluczy\u0107 wyst\u0105pienia w produkcie tych surowc\u00f3w.<\/span><\/span><\/span><\/span><\/p>\n","protected":false},"excerpt":{"rendered":"<p><span style=\"font-family: Liberation Serif, serif;\"><span style=\"font-size: medium;\"><span style=\"font-family: Comic Sans MS, serif;\"><b>CZYSTEK<\/b><\/span><\/span><\/span><\/p>\n<p align=\"justify\"><span style=\"font-family: Comic Sans MS, serif;\"><span style=\"font-size: medium;\">Bez sztucznych barwnik\u00f3w, bez konserwant\u00f3w.<\/span><\/span><\/p>\n","protected":false},"featured_media":424,"comment_status":"open","ping_status":"closed","template":"","meta":[],"product_brand":[],"product_cat":[24],"product_tag":[],"class_list":{"0":"post-423","1":"product","2":"type-product","3":"status-publish","4":"has-post-thumbnail","6":"product_cat-ziola","8":"first","9":"instock","10":"taxable","11":"shipping-taxable","12":"purchasable","13":"product-type-simple"},"_links":{"self":[{"href":"https:\/\/sielankaznatury.pl\/index.php\/wp-json\/wp\/v2\/product\/423","targetHints":{"allow":["GET"]}}],"collection":[{"href":"https:\/\/sielankaznatury.pl\/index.php\/wp-json\/wp\/v2\/product"}],"about":[{"href":"https:\/\/sielankaznatury.pl\/index.php\/wp-json\/wp\/v2\/types\/product"}],"replies":[{"embeddable":true,"href":"https:\/\/sielankaznatury.pl\/index.php\/wp-json\/wp\/v2\/comments?post=423"}],"wp:featuredmedia":[{"embeddable":true,"href":"https:\/\/sielankaznatury.pl\/index.php\/wp-json\/wp\/v2\/media\/424"}],"wp:attachment":[{"href":"https:\/\/sielankaznatury.pl\/index.php\/wp-json\/wp\/v2\/media?parent=423"}],"wp:term":[{"taxonomy":"product_brand","embeddable":true,"href":"https:\/\/sielankaznatury.pl\/index.php\/wp-json\/wp\/v2\/product_brand?post=423"},{"taxonomy":"product_cat","embeddable":true,"href":"https:\/\/sielankaznatury.pl\/index.php\/wp-json\/wp\/v2\/product_cat?post=423"},{"taxonomy":"product_tag","embeddable":true,"href":"https:\/\/sielankaznatury.pl\/index.php\/wp-json\/wp\/v2\/product_tag?post=423"}],"curies":[{"name":"wp","href":"https:\/\/api.w.org\/{rel}","templated":true}]}}