{"id":425,"date":"2023-03-25T12:17:12","date_gmt":"2023-03-25T12:17:12","guid":{"rendered":"https:\/\/sielankaznatury.pl\/?post_type=product&#038;p=425"},"modified":"2025-12-30T15:29:28","modified_gmt":"2025-12-30T15:29:28","slug":"dab-kora-cieta-50g","status":"publish","type":"product","link":"https:\/\/sielankaznatury.pl\/index.php\/produkt\/dab-kora-cieta-50g\/","title":{"rendered":"D\u0104B KORA CI\u0118TA  50g"},"content":{"rendered":"<p><span style=\"font-family: Liberation Serif, serif;\"><span style=\"font-size: medium;\"><span style=\"font-family: Comic Sans MS, serif;\"><b>D\u0104B KORA CI\u0118TA<\/b><\/span><\/span><\/span><\/p>\n<p align=\"justify\"><span style=\"font-family: Liberation Serif, serif;\"><span style=\"font-size: medium;\"><span style=\"font-family: Comic Sans MS, serif;\">Bez sztucznych barwnik\u00f3w, bez konserwant\u00f3w.<\/span><\/span><\/span><\/p>\n<p align=\"justify\"><span style=\"font-family: Liberation Serif, serif;\"><span style=\"font-size: medium;\"><span style=\"font-family: Comic Sans MS, serif;\">D\u0105b szypu\u0142kowy i bezszypu\u0142kowy to pot\u0119\u017cnych rozmiar\u00f3w, d\u0142ugowieczne drzewo z rodziny bukowatych porastaj\u0105ce obszar Europy i po\u0142udniowo-wschodniej Azji. Kor\u0119 d\u0119bu otrzymuje si\u0119 z m\u0142odych pni i ga\u0142\u0119zi d\u0119bu. Zawiera przede wszystkim garbniki, kt\u00f3rym zawdzi\u0119cza swoje dzia\u0142anie \u015bci\u0105gaj\u0105ce i odnawiaj\u0105ce oraz gorzki smak.<\/span><\/span><\/span><\/p>\n<p align=\"justify\"><strong><span style=\"font-family: Liberation Serif, serif;\"><span style=\"font-size: medium;\"><span style=\"font-family: Comic Sans MS, serif;\">W\u0142a\u015bciwo\u015bci: <\/span><\/span><\/span><\/strong><\/p>\n<ul>\n<li>\n<p align=\"justify\"><span style=\"font-family: Liberation Serif, serif;\"><span style=\"font-size: medium;\"><span style=\"font-family: Comic Sans MS, serif;\">\u0142agodzi nie\u017cyty \u017co\u0142\u0105dka i jelit; \u0142agodzi biegunki; dzia\u0142a odka\u017caj\u0105co <\/span><\/span><\/span><span style=\"font-family: 'Comic Sans MS', serif; font-size: medium;\">w przypadku infekcji gard\u0142a; zmniejsza dolegliwo\u015bci towarzysz\u0105ce powierzchownym oparzeniom i odmro\u017ceniem;<\/span><\/p>\n<\/li>\n<\/ul>\n<ul>\n<li>\n<p align=\"justify\"><span style=\"font-family: Liberation Serif, serif;\"><span style=\"font-size: medium;\"><span style=\"font-family: Comic Sans MS, serif;\">likwiduje nadmierne pocenie si\u0119, gdy\u017c dzia\u0142a obkurczaj\u0105co nie tylko <\/span><span style=\"font-family: Comic Sans MS, serif;\">n<\/span><span style=\"font-family: Comic Sans MS, serif;\">a b\u0142ony \u015bluzowe, ale i na gruczo\u0142y potowe w sk\u00f3rze;<\/span><\/span><\/span><\/p>\n<\/li>\n<li>\n<p align=\"justify\"><span style=\"font-family: Liberation Serif, serif;\"><span style=\"font-size: medium;\"><span style=\"font-family: Comic Sans MS, serif;\">\u0142agodzi dolegliwo\u015bci sk\u00f3ry g\u0142owy zwi\u0105zane z nadmiernym przet\u0142uszczaniem si\u0119 i \u0142upie\u017cem (p\u0142ukanka do w\u0142os\u00f3w nie tylko zmniejsza ich przet\u0142uszczanie si\u0119, ale tak\u017ce delikatnie przyciemnia i pog\u0142\u0119bia ich barw\u0119);<\/span><\/span><\/span><\/p>\n<\/li>\n<li>\n<p align=\"justify\"><span style=\"font-family: Liberation Serif, serif;\"><span style=\"font-size: medium;\"><span style=\"font-family: Comic Sans MS, serif;\">stosowana zewn\u0119trznie wspomaga leczenie tr\u0105dziku; jest znanym zielarskim \u015brodkiem na hemoroidy \u2013 \u0142agodzi b\u00f3l i zapobiega krwawieniom.<\/span><\/span><\/span><\/p>\n<\/li>\n<\/ul>\n<p align=\"justify\"><span style=\"font-family: Liberation Serif, serif;\"><span style=\"font-size: medium;\"><span style=\"font-family: Comic Sans MS, serif;\">Osobom zmagaj\u0105cym si\u0119 z uci\u0105\u017cliwymi hemoroidami zaleca si\u0119 nasiad\u00f3wki z dodatkiem <\/span><\/span><\/span><span style=\"font-family: Liberation Serif, serif;\"><span style=\"font-size: medium;\"><span style=\"font-family: Comic Sans MS, serif;\">d\u0119bowej kory \u2013 wa\u017cne, aby woda nie by\u0142a ani zbyt zimna, ani za gor\u0105ca.<\/span><\/span><\/span><\/p>\n<p align=\"justify\"><span style=\"font-family: Liberation Serif, serif;\"><span style=\"font-size: medium;\"><span style=\"font-family: Comic Sans MS, serif;\"><b>STOSOWANIE: <\/b><\/span><span style=\"font-family: Comic Sans MS, serif;\">Wywar z kory d\u0119bowej (50 g kory na 1,5<\/span><span style=\"font-family: Comic Sans MS, serif;\"> l<\/span><span style=\"font-family: Comic Sans MS, serif;\"> wody, gotowa\u0107 30 minut), wypijany 3-4 razy dziennie po 1 \u0142y\u017cce sto\u0142owej. Napar &#8211; zewn\u0119trznie do przemywania, ok\u0142ad\u00f3w i roztwor\u00f3w do p\u0142ukania stosuje si\u0119 napar przygotowany z 20g kory na 1 l wody.<\/span><\/span><\/span><\/p>\n<p align=\"justify\"><span style=\"font-family: Liberation Serif, serif;\"><span style=\"font-size: medium;\"><span style=\"font-family: Comic Sans MS, serif;\">Sk\u0142adniki: 100% d\u0105b kora (Quercus cortex).<\/span><\/span><\/span><\/p>\n<p><span style=\"font-family: Liberation Serif, serif;\"><span style=\"font-size: medium;\"><span style=\"font-family: Comic Sans MS, serif;\">Kraj pochodzenia: POLSKA\u00a0 \u00a0 \u00a0 \u00a0 \u00a0 \u00a0 \u00a0 \u00a0 \u00a0 \u00a0 \u00a0 \u00a0 <\/span><span style=\"font-family: Comic Sans MS, serif;\"><b>masa netto 50 g<\/b><\/span><\/span><\/span><\/p>\n<p align=\"justify\"><span style=\"font-family: Liberation Serif, serif;\"><span style=\"font-size: medium;\"><span style=\"font-family: Comic Sans MS, serif;\"><span style=\"font-size: small;\">Warunki przechowywania: przechowywa\u0107 w suchym i zaciemnionym miejscu. <\/span><\/span><\/span><\/span><span style=\"font-family: Liberation Serif, serif;\"><span style=\"font-size: medium;\"><span style=\"font-family: Comic Sans MS, serif;\"><span style=\"font-size: small;\">W zak\u0142adzie pakowane s\u0105 r\u00f3wnie\u017c: sezam, gorczyca, seler, produkty zawieraj\u0105ce gluten, r\u00f3\u017cne orzechy. Pomimo do\u0142o\u017cenia wszelkich stara\u0144 nie mo\u017cna w 100 % wykluczy\u0107 wyst\u0105pienia w produkcie tych surowc\u00f3w.<\/span><\/span><\/span><\/span><\/p>\n","protected":false},"excerpt":{"rendered":"<p><span style=\"font-family: Liberation Serif, serif;\"><span style=\"font-size: medium;\"><span style=\"font-family: Comic Sans MS, serif;\"><b>D\u0104B KORA CI\u0118TA<\/b><\/span><\/span><\/span><\/p>\n<p align=\"justify\"><span style=\"font-family: Liberation Serif, serif;\"><span style=\"font-size: medium;\"><span style=\"font-family: Comic Sans MS, serif;\">Bez sztucznych barwnik\u00f3w, bez konserwant\u00f3w.<\/span><\/span><\/span><\/p>\n","protected":false},"featured_media":426,"comment_status":"open","ping_status":"closed","template":"","meta":[],"product_brand":[],"product_cat":[24],"product_tag":[],"class_list":{"0":"post-425","1":"product","2":"type-product","3":"status-publish","4":"has-post-thumbnail","6":"product_cat-ziola","8":"first","9":"instock","10":"taxable","11":"shipping-taxable","12":"purchasable","13":"product-type-simple"},"_links":{"self":[{"href":"https:\/\/sielankaznatury.pl\/index.php\/wp-json\/wp\/v2\/product\/425","targetHints":{"allow":["GET"]}}],"collection":[{"href":"https:\/\/sielankaznatury.pl\/index.php\/wp-json\/wp\/v2\/product"}],"about":[{"href":"https:\/\/sielankaznatury.pl\/index.php\/wp-json\/wp\/v2\/types\/product"}],"replies":[{"embeddable":true,"href":"https:\/\/sielankaznatury.pl\/index.php\/wp-json\/wp\/v2\/comments?post=425"}],"wp:featuredmedia":[{"embeddable":true,"href":"https:\/\/sielankaznatury.pl\/index.php\/wp-json\/wp\/v2\/media\/426"}],"wp:attachment":[{"href":"https:\/\/sielankaznatury.pl\/index.php\/wp-json\/wp\/v2\/media?parent=425"}],"wp:term":[{"taxonomy":"product_brand","embeddable":true,"href":"https:\/\/sielankaznatury.pl\/index.php\/wp-json\/wp\/v2\/product_brand?post=425"},{"taxonomy":"product_cat","embeddable":true,"href":"https:\/\/sielankaznatury.pl\/index.php\/wp-json\/wp\/v2\/product_cat?post=425"},{"taxonomy":"product_tag","embeddable":true,"href":"https:\/\/sielankaznatury.pl\/index.php\/wp-json\/wp\/v2\/product_tag?post=425"}],"curies":[{"name":"wp","href":"https:\/\/api.w.org\/{rel}","templated":true}]}}