{"id":434,"date":"2023-03-25T14:23:54","date_gmt":"2023-03-25T14:23:54","guid":{"rendered":"https:\/\/sielankaznatury.pl\/?post_type=product&#038;p=434"},"modified":"2024-02-26T14:18:33","modified_gmt":"2024-02-26T14:18:33","slug":"glog-owoc-100g","status":"publish","type":"product","link":"https:\/\/sielankaznatury.pl\/index.php\/produkt\/glog-owoc-100g\/","title":{"rendered":"G\u0141\u00d3G OWOC  100g"},"content":{"rendered":"<p><span style=\"font-family: Liberation Serif, serif;\"><span style=\"font-size: medium;\"><span style=\"font-family: Comic Sans MS, serif;\"><b>G\u0141\u00d3G OWOC<\/b><\/span><\/span><\/span><\/p>\n<p align=\"justify\"><span style=\"font-family: Liberation Serif, serif;\"><span style=\"font-size: medium;\"><span style=\"font-family: Comic Sans MS, serif;\">Bez sztucznych barwnik\u00f3w, bez konserwant\u00f3w.<\/span><\/span><\/span><\/p>\n<p align=\"justify\"><span style=\"font-family: Liberation Serif, serif;\"><span style=\"font-size: medium;\"><span style=\"font-family: Comic Sans MS, serif;\">Cierniste krzewy spotka\u0107 mo\u017cna w parkach, ogrodach czy na skrajach las\u00f3w. Owoce g\u0142ogu korzystnie wp\u0142ywaj\u0105 na uk\u0142ad sercowo naczyniowy oraz posiadaj\u0105 wp\u0142yw na obni\u017cenie ci\u015bnienia t\u0119tniczego. Owoce g\u0142ogu to skarbnica witaminy A, C oraz witamin z grupy B. Regularnie pite napary z ich udzia\u0142em wzmacniaj\u0105 uk\u0142ad odporno\u015bciowy i wspomagaj\u0105 go w walce z przezi\u0119bieniem czy infekcjami. Wykazuj\u0105 one r\u00f3wnie\u017c dzia\u0142anie rozszerzaj\u0105ce naczynia krwiono\u015bne, dzi\u0119ki czemu m\u00f3zg jest lepiej dotleniony i poprawia si\u0119 jego wydajno\u015b\u0107.<\/span><\/span><\/span><\/p>\n<p align=\"justify\"><span style=\"font-family: Liberation Serif, serif;\"><span style=\"font-size: medium;\"><span style=\"font-family: Comic Sans MS, serif;\">Cho\u0107 owoc g\u0142ogu wygl\u0105da niepozornie to skrywa w sobie wyj\u0105tkowe w\u0142a\u015bciwo\u015bci:<\/span><\/span><\/span><\/p>\n<ul>\n<li>\n<p align=\"justify\"><span style=\"font-family: Liberation Serif, serif;\"><span style=\"font-size: medium;\"><span style=\"font-family: Comic Sans MS, serif;\">zawiera niezb\u0119dne do prawid\u0142owego funkcjonowania organizmu pierwiastki (kobalt, krzem, mangan, potas, wap\u0144 i \u017celazo);<\/span><\/span><\/span><\/p>\n<\/li>\n<li>\n<p align=\"justify\"><span style=\"font-family: Liberation Serif, serif;\"><span style=\"font-size: medium;\"><span style=\"font-family: Comic Sans MS, serif;\">wspomaga proces oczyszczania i odkwaszania organizmu;<\/span><\/span><\/span><\/p>\n<\/li>\n<li>\n<p align=\"justify\"><span style=\"font-family: Liberation Serif, serif;\"><span style=\"font-size: medium;\"><span style=\"font-family: Comic Sans MS, serif;\">skutecznie obni\u017ca ci\u015bnienie krwi, dzi\u0119ki czemu jest pomocny w walce z nadci\u015bnieniem t\u0119tniczym;<\/span><\/span><\/span><\/p>\n<\/li>\n<li>\n<p align=\"justify\"><span style=\"font-family: Liberation Serif, serif;\"><span style=\"font-size: medium;\"><span style=\"font-family: Comic Sans MS, serif;\">uspokaja, relaksuje i dzia\u0142a koj\u0105co na nerwy;<\/span><\/span><\/span><\/p>\n<\/li>\n<li>\n<p align=\"justify\"><span style=\"font-family: Liberation Serif, serif;\"><span style=\"font-size: medium;\"><span style=\"font-family: Comic Sans MS, serif;\">wzmacnia serce i reguluje jego prac\u0119 zmniejszaj\u0105c cz\u0119stotliwo\u015b\u0107 skurcz\u00f3w;<\/span><\/span><\/span><\/p>\n<\/li>\n<li>\n<p align=\"justify\"><span style=\"font-family: Liberation Serif, serif;\"><span style=\"font-size: medium;\"><span style=\"font-family: Comic Sans MS, serif;\">poprawia stan naczy\u0144 krwiono\u015bnych;<\/span><\/span><\/span><\/p>\n<\/li>\n<li>\n<p align=\"justify\"><span style=\"font-family: Liberation Serif, serif;\"><span style=\"font-size: medium;\"><span style=\"font-family: Comic Sans MS, serif;\">obni\u017ca poziom cholesterolu.<\/span><\/span><\/span><\/p>\n<\/li>\n<\/ul>\n<p align=\"justify\"><span style=\"font-family: Liberation Serif, serif;\"><span style=\"font-size: medium;\"><span style=\"font-family: Comic Sans MS, serif;\"><b>NAPAR:<\/b><\/span><span style=\"font-family: Comic Sans MS, serif;\"> 2 \u0142y\u017ceczki owoc\u00f3w g\u0142ogu zala\u0107 szklank\u0105 wrz\u0105tku i odstawi\u0107 pod przykryciem <\/span><\/span><\/span><span style=\"font-family: Liberation Serif, serif;\"><span style=\"font-size: medium;\"><span style=\"font-family: Comic Sans MS, serif;\">na 20 minut. Pi\u0107 3 razy dziennie.<\/span><\/span><\/span><\/p>\n<p align=\"justify\"><span style=\"font-family: Liberation Serif, serif;\"><span style=\"font-size: medium;\"><span style=\"font-family: Comic Sans MS, serif;\"><b>Sk\u0142adniki: 100% g\u0142\u00f3g owoc (Crataegus monogyna fructus totus).<\/b><\/span><\/span><\/span><\/p>\n<p align=\"justify\"><a name=\"_GoBack\"><\/a><\/p>\n<p><span style=\"font-family: Liberation Serif, serif;\"><span style=\"font-size: medium;\"><span style=\"font-family: Comic Sans MS, serif;\">Kraj pochodzenia: POLSKA\u00a0 \u00a0 \u00a0 \u00a0 \u00a0 \u00a0 \u00a0 \u00a0 \u00a0 \u00a0 \u00a0 \u00a0 \u00a0 \u00a0 \u00a0 \u00a0 \u00a0 \u00a0<\/span><span style=\"font-family: Comic Sans MS, serif;\"><b>masa netto 100 g<\/b><\/span><\/span><\/span><\/p>\n<p align=\"justify\"><span style=\"font-family: Liberation Serif, serif;\"><span style=\"font-size: medium;\"><span style=\"font-family: Comic Sans MS, serif;\"><span style=\"font-size: small;\">Warunki przechowywania: przechowywa\u0107 w suchym i zaciemnionym miejscu. <\/span><\/span><\/span><\/span><span style=\"font-family: Liberation Serif, serif;\"><span style=\"font-size: medium;\"><span style=\"font-family: Comic Sans MS, serif;\"><span style=\"font-size: small;\">W zak\u0142adzie pakowane s\u0105 r\u00f3wnie\u017c: sezam, gorczyca, seler, produkty zawieraj\u0105ce gluten, r\u00f3\u017cne orzechy. Pomimo do\u0142o\u017cenia wszelkich stara\u0144 nie mo\u017cna w 100 % wykluczy\u0107 wyst\u0105pienia w produkcie tych surowc\u00f3w.<\/span><\/span><\/span><\/span><\/p>\n","protected":false},"excerpt":{"rendered":"<p><span style=\"font-family: Liberation Serif, serif;\"><span style=\"font-size: medium;\"><span style=\"font-family: Comic Sans MS, serif;\"><b>G\u0141\u00d3G OWOC<\/b><\/span><\/span><\/span><\/p>\n<p align=\"justify\"><span style=\"font-family: Liberation Serif, serif;\"><span style=\"font-size: medium;\"><span style=\"font-family: Comic Sans MS, serif;\">Bez sztucznych barwnik\u00f3w, bez konserwant\u00f3w.<\/span><\/span><\/span><\/p>\n","protected":false},"featured_media":435,"comment_status":"open","ping_status":"closed","template":"","meta":[],"product_brand":[],"product_cat":[24],"product_tag":[],"class_list":{"0":"post-434","1":"product","2":"type-product","3":"status-publish","4":"has-post-thumbnail","6":"product_cat-ziola","8":"first","9":"instock","10":"taxable","11":"shipping-taxable","12":"purchasable","13":"product-type-simple"},"_links":{"self":[{"href":"https:\/\/sielankaznatury.pl\/index.php\/wp-json\/wp\/v2\/product\/434","targetHints":{"allow":["GET"]}}],"collection":[{"href":"https:\/\/sielankaznatury.pl\/index.php\/wp-json\/wp\/v2\/product"}],"about":[{"href":"https:\/\/sielankaznatury.pl\/index.php\/wp-json\/wp\/v2\/types\/product"}],"replies":[{"embeddable":true,"href":"https:\/\/sielankaznatury.pl\/index.php\/wp-json\/wp\/v2\/comments?post=434"}],"wp:featuredmedia":[{"embeddable":true,"href":"https:\/\/sielankaznatury.pl\/index.php\/wp-json\/wp\/v2\/media\/435"}],"wp:attachment":[{"href":"https:\/\/sielankaznatury.pl\/index.php\/wp-json\/wp\/v2\/media?parent=434"}],"wp:term":[{"taxonomy":"product_brand","embeddable":true,"href":"https:\/\/sielankaznatury.pl\/index.php\/wp-json\/wp\/v2\/product_brand?post=434"},{"taxonomy":"product_cat","embeddable":true,"href":"https:\/\/sielankaznatury.pl\/index.php\/wp-json\/wp\/v2\/product_cat?post=434"},{"taxonomy":"product_tag","embeddable":true,"href":"https:\/\/sielankaznatury.pl\/index.php\/wp-json\/wp\/v2\/product_tag?post=434"}],"curies":[{"name":"wp","href":"https:\/\/api.w.org\/{rel}","templated":true}]}}