{"id":436,"date":"2023-03-25T14:31:54","date_gmt":"2023-03-25T14:31:54","guid":{"rendered":"https:\/\/sielankaznatury.pl\/?post_type=product&#038;p=436"},"modified":"2025-12-30T15:31:30","modified_gmt":"2025-12-30T15:31:30","slug":"assam-herbata-czarna-lisc-50-g","status":"publish","type":"product","link":"https:\/\/sielankaznatury.pl\/index.php\/produkt\/assam-herbata-czarna-lisc-50-g\/","title":{"rendered":"ASSAM \u2013 HERBATA CZARNA LI\u015a\u0106  50 g"},"content":{"rendered":"<p><span style=\"font-family: Liberation Serif, serif;\"><span style=\"font-size: medium;\"><span style=\"font-family: Comic Sans MS, serif;\"><b>ASSAM \u2013 HERBATA CZARNA LI\u015a\u0106<\/b><\/span><\/span><\/span><\/p>\n<p align=\"justify\"><span style=\"font-family: Liberation Serif, serif;\"><span style=\"font-size: medium;\"><span style=\"font-family: Comic Sans MS, serif;\">Bez sztucznych barwnik\u00f3w, bez konserwant\u00f3w.<\/span><\/span><\/span><\/p>\n<p align=\"justify\"><span style=\"font-family: Liberation Serif, serif;\"><span style=\"font-size: medium;\"><span style=\"font-family: Comic Sans MS, serif;\">Podobnie jak zio\u0142a, herbata mo\u017ce by\u0107 sprzedawana w r\u00f3\u017cnej formie. Je\u015bli wybierzemy Assam w postaci ca\u0142ych li\u015bci mo\u017cemy by\u0107 pewni, \u017ce si\u0119gamy po pe\u0142nowarto\u015bciow\u0105 smaczn\u0105 herbat\u0119. Spe\u0142ni ona nasze oczekiwania i da doskona\u0142y smak. Herbata Assam pochodzi z regionu Indii (Assam) u podn\u00f3\u017ca Himalaj\u00f3w. Napar tej herbaty posiada ciemno-bursztynowy kolor oraz g\u0142\u0119boki, s\u0142odko korzennym smak. Assam charakteryzuje si\u0119 wyrazisto\u015bci\u0105 i intensywno\u015bci\u0105. \u015awietnie sprawdzi si\u0119 z mlekiem.<\/span><\/span><\/span><\/p>\n<p align=\"justify\"><span style=\"font-family: Liberation Serif, serif;\"><span style=\"font-size: medium;\"><span style=\"font-family: Comic Sans MS, serif;\"><b>PRZYGOTOWANIE:<\/b><\/span><span style=\"font-family: Comic Sans MS, serif;\">\u00a0 \u00a01 \u0142y\u017ceczk\u0119 herbaty czarnej zalej 200 ml wod\u0105 o temp. 98\u00b0C<br \/>\ni pozostaw do zaparzenia na 3-5 minut. Po up\u0142ywie wskazanego czasu nale\u017cy przecedzi\u0107 <\/span><\/span><\/span><span style=\"font-family: Liberation Serif, serif;\"><span style=\"font-size: medium;\"><span style=\"font-family: Comic Sans MS, serif;\">li\u015bcie, gdy\u017c pozostawiaj\u0105 gorzki posmak.<\/span><\/span><\/span><\/p>\n<p align=\"justify\"><span style=\"font-family: Liberation Serif, serif;\"><span style=\"font-size: medium;\"><span style=\"font-family: Comic Sans MS, serif;\"><b>Sk\u0142adniki: 100% herbata czarna Assam li\u015b\u0107.<\/b><\/span><\/span><\/span><\/p>\n<p><a name=\"_GoBack\"><\/a> <span style=\"font-family: Liberation Serif, serif;\"><span style=\"font-size: medium;\"><span style=\"font-family: Comic Sans MS, serif;\">Kraj pochodzenia: Indie\u00a0 \u00a0 \u00a0 \u00a0 \u00a0 <\/span><span style=\"font-family: Comic Sans MS, serif;\"><b>masa netto 50 g<\/b><\/span><\/span><\/span><\/p>\n<p align=\"justify\"><span style=\"font-family: Liberation Serif, serif;\"><span style=\"font-size: medium;\"><span style=\"font-family: Comic Sans MS, serif;\"><span style=\"font-size: small;\">Warunki przechowywania: przechowywa\u0107 w suchym i zaciemnionym miejscu. <\/span><\/span><\/span><\/span><span style=\"font-family: Liberation Serif, serif;\"><span style=\"font-size: medium;\"><span style=\"font-family: Comic Sans MS, serif;\"><span style=\"font-size: small;\">W zak\u0142adzie pakowane s\u0105 r\u00f3wnie\u017c: sezam, gorczyca, seler, produkty zawieraj\u0105ce gluten, r\u00f3\u017cne orzechy. Pomimo do\u0142o\u017cenia wszelkich stara\u0144 nie mo\u017cna w 100 % wykluczy\u0107 wyst\u0105pienia w produkcie tych surowc\u00f3w.<\/span><\/span><\/span><\/span><\/p>\n","protected":false},"excerpt":{"rendered":"<p><span style=\"font-family: Liberation Serif, serif;\"><span style=\"font-size: medium;\"><span style=\"font-family: Comic Sans MS, serif;\"><b>ASSAM \u2013 HERBATA CZARNA LI\u015a\u0106<\/b><\/span><\/span><\/span><\/p>\n<p align=\"justify\"><span style=\"font-family: Liberation Serif, serif;\"><span style=\"font-size: medium;\"><span style=\"font-family: Comic Sans MS, serif;\">Bez sztucznych barwnik\u00f3w, bez konserwant\u00f3w.<\/span><\/span><\/span><\/p>\n","protected":false},"featured_media":437,"comment_status":"open","ping_status":"closed","template":"","meta":[],"product_brand":[],"product_cat":[44],"product_tag":[],"class_list":{"0":"post-436","1":"product","2":"type-product","3":"status-publish","4":"has-post-thumbnail","6":"product_cat-herbaty","8":"first","9":"instock","10":"taxable","11":"shipping-taxable","12":"purchasable","13":"product-type-simple"},"_links":{"self":[{"href":"https:\/\/sielankaznatury.pl\/index.php\/wp-json\/wp\/v2\/product\/436","targetHints":{"allow":["GET"]}}],"collection":[{"href":"https:\/\/sielankaznatury.pl\/index.php\/wp-json\/wp\/v2\/product"}],"about":[{"href":"https:\/\/sielankaznatury.pl\/index.php\/wp-json\/wp\/v2\/types\/product"}],"replies":[{"embeddable":true,"href":"https:\/\/sielankaznatury.pl\/index.php\/wp-json\/wp\/v2\/comments?post=436"}],"wp:featuredmedia":[{"embeddable":true,"href":"https:\/\/sielankaznatury.pl\/index.php\/wp-json\/wp\/v2\/media\/437"}],"wp:attachment":[{"href":"https:\/\/sielankaznatury.pl\/index.php\/wp-json\/wp\/v2\/media?parent=436"}],"wp:term":[{"taxonomy":"product_brand","embeddable":true,"href":"https:\/\/sielankaznatury.pl\/index.php\/wp-json\/wp\/v2\/product_brand?post=436"},{"taxonomy":"product_cat","embeddable":true,"href":"https:\/\/sielankaznatury.pl\/index.php\/wp-json\/wp\/v2\/product_cat?post=436"},{"taxonomy":"product_tag","embeddable":true,"href":"https:\/\/sielankaznatury.pl\/index.php\/wp-json\/wp\/v2\/product_tag?post=436"}],"curies":[{"name":"wp","href":"https:\/\/api.w.org\/{rel}","templated":true}]}}