{"id":466,"date":"2023-03-28T13:12:01","date_gmt":"2023-03-28T13:12:01","guid":{"rendered":"https:\/\/sielankaznatury.pl\/?post_type=product&#038;p=466"},"modified":"2024-02-26T14:01:57","modified_gmt":"2024-02-26T14:01:57","slug":"lipka-kwiat-50g","status":"publish","type":"product","link":"https:\/\/sielankaznatury.pl\/index.php\/produkt\/lipka-kwiat-50g\/","title":{"rendered":"LIPA KWIAT 25g"},"content":{"rendered":"<p align=\"justify\"><span style=\"font-family: Liberation Serif, serif;\"><span style=\"font-size: medium;\"><span style=\"font-family: Comic Sans MS, serif;\">Lipa to drzewo, kt\u00f3re zalicza si\u0119 do d\u0142ugowiecznych. Napar z lipy \u0142agodzi kaszel, chrypk\u0119 i b\u00f3l gard\u0142a, \u0142agodzi r\u00f3wnie\u017c stany napi\u0119cia nerwowego. Kwiaty lipy maj\u0105 dzia\u0142anie napotne, przeciwgor\u0105czkowe, uspokajaj\u0105ce, przeciwskurczowe, \u017c\u00f3\u0142ciop\u0119dne, a tak\u017ce wp\u0142ywaj\u0105 korzystnie na przemian\u0119 materii. Napar z tej ro\u015bliny warto wi\u0119c stosowa\u0107 przy przezi\u0119bieniach, grypie, nie\u017cytach dr\u00f3g oddechowych, zapaleniach gard\u0142a czy oskrzeli. Ponadto mo\u017ce by\u0107 on pomocny w stanach przem\u0119czenia, zbytniej pobudliwo\u015bci nerwowej, zawrotach g\u0142owy oraz nerwob\u00f3lach.<\/span><\/span><\/span><\/p>\n<p align=\"justify\"><span style=\"font-family: Liberation Serif, serif;\"><span style=\"font-size: medium;\"><span style=\"font-family: Comic Sans MS, serif;\">Surowiec zielarski: Kwiatostan lipy (Inflorescentia Tiliae) syn. kwiat lipowy (Flos Tiliae). Kwiatostan jest barwy \u017c\u00f3\u0142tawozielonej, z\u0142o\u017cony zwykle z 2\u20137 kwiat\u00f3w o \u015brednicy do 15 mm. Zapach aromatyczny, przyjemny i delikatny, smak s\u0142aby \u015bluzowato-s\u0142odki. Surowiec zawiera jako g\u0142\u00f3wne sk\u0142adniki czynne zwi\u0105zki flawonoidowe (oko\u0142o 1%), \u015bluz (oko\u0142o 3%) oraz olejek eteryczny. Dotychczas poznano ponad 20 zwi\u0105zk\u00f3w flawonoidowych wyst\u0119puj\u0105cych w kwiatostanie lipy \u2013 s\u0105 to g\u0142\u00f3wnie pochodne glikozydowe kwercetyny, kemferolu i akacetyny. Na specjaln\u0105 uwag\u0119 zas\u0142uguje tilirozyd. Olejek eteryczny wyst\u0119puje w ilo\u015bci 0,02\u20130,05%. W jego sk\u0142ad wchodzi przyjemnie pachn\u0105cy farnezol (0,3\u20135%), kilka w\u0119glowodor\u00f3w alifatycznych (do 50%), geraniol, eugenol oraz inne zwi\u0105zki. Pewne znaczenie ma r\u00f3wnie\u017c \u015bluz, z kt\u00f3rego podczas hydrolizy powstaj\u0105 kwasy uronowe (do 40%), metylopentozy (oko\u0142o 12%) i heksozy (oko\u0142o 50%). Ponadto surowiec zawiera do 2% garbnik\u00f3w i leukoantocyjanidyny.<\/span><\/span><\/span><\/p>\n<p align=\"justify\"><span style=\"font-family: Liberation Serif, serif;\"><span style=\"font-size: medium;\"><span style=\"font-family: Comic Sans MS, serif;\"><b>PRZYGOTOWANIE:<\/b><\/span><span style=\"font-family: Comic Sans MS, serif;\"> 1 pe\u0142n\u0105 \u0142y\u017ck\u0119 suszu zala\u0107 200\/250 ml wody o temp. 98\u00b0C i parzy\u0107 pod przykryciem ok. 15 min. Nast\u0119pnie oddzieli\u0107 napar od li\u015bci i pi\u0107 2-4 razy dziennie, najlepiej mi\u0119dzy posi\u0142kami. Napar mo\u017cna stosowa\u0107 tak\u017ce zewn\u0119trznie: do p\u0142ukania gard\u0142a, przy b\u00f3lach z\u0119b\u00f3w, nerwob\u00f3lach czy nawet oparzeniach.<\/span><\/span><\/span><\/p>\n<p><a name=\"_GoBack\"><\/a><\/p>\n<p><span style=\"font-family: Liberation Serif, serif;\"><span style=\"font-size: medium;\"><span style=\"font-family: Comic Sans MS, serif;\"><b>SK\u0141AD: 100% lipa kwiat (Flos Tiliae).<\/b><\/span><\/span><\/span><\/p>\n<p><span style=\"font-family: Liberation Serif, serif;\"><span style=\"font-size: medium;\"><span style=\"font-family: Comic Sans MS, serif;\">KRAJ POCHODZENIA: POLSKA <\/span><span style=\"font-family: Comic Sans MS, serif;\"><b>masa netto 25g<\/b><\/span><\/span><\/span><\/p>\n","protected":false},"excerpt":{"rendered":"<p><span style=\"font-family: Liberation Serif, serif;\"><span style=\"font-size: medium;\"><span style=\"font-family: Comic Sans MS, serif;\">Bez sztucznych barwnik\u00f3w, bez konserwant\u00f3w.<\/span><\/span><\/span><\/p>\n","protected":false},"featured_media":763,"comment_status":"open","ping_status":"closed","template":"","meta":[],"product_brand":[],"product_cat":[24],"product_tag":[],"class_list":{"0":"post-466","1":"product","2":"type-product","3":"status-publish","4":"has-post-thumbnail","6":"product_cat-ziola","8":"first","9":"instock","10":"taxable","11":"shipping-taxable","12":"purchasable","13":"product-type-simple"},"_links":{"self":[{"href":"https:\/\/sielankaznatury.pl\/index.php\/wp-json\/wp\/v2\/product\/466","targetHints":{"allow":["GET"]}}],"collection":[{"href":"https:\/\/sielankaznatury.pl\/index.php\/wp-json\/wp\/v2\/product"}],"about":[{"href":"https:\/\/sielankaznatury.pl\/index.php\/wp-json\/wp\/v2\/types\/product"}],"replies":[{"embeddable":true,"href":"https:\/\/sielankaznatury.pl\/index.php\/wp-json\/wp\/v2\/comments?post=466"}],"wp:featuredmedia":[{"embeddable":true,"href":"https:\/\/sielankaznatury.pl\/index.php\/wp-json\/wp\/v2\/media\/763"}],"wp:attachment":[{"href":"https:\/\/sielankaznatury.pl\/index.php\/wp-json\/wp\/v2\/media?parent=466"}],"wp:term":[{"taxonomy":"product_brand","embeddable":true,"href":"https:\/\/sielankaznatury.pl\/index.php\/wp-json\/wp\/v2\/product_brand?post=466"},{"taxonomy":"product_cat","embeddable":true,"href":"https:\/\/sielankaznatury.pl\/index.php\/wp-json\/wp\/v2\/product_cat?post=466"},{"taxonomy":"product_tag","embeddable":true,"href":"https:\/\/sielankaznatury.pl\/index.php\/wp-json\/wp\/v2\/product_tag?post=466"}],"curies":[{"name":"wp","href":"https:\/\/api.w.org\/{rel}","templated":true}]}}