{"id":478,"date":"2023-03-28T13:37:09","date_gmt":"2023-03-28T13:37:09","guid":{"rendered":"https:\/\/sielankaznatury.pl\/?post_type=product&#038;p=478"},"modified":"2025-12-30T15:23:18","modified_gmt":"2025-12-30T15:23:18","slug":"morwa-biala-lisc-ciety-50g","status":"publish","type":"product","link":"https:\/\/sielankaznatury.pl\/index.php\/produkt\/morwa-biala-lisc-ciety-50g\/","title":{"rendered":"MORWA BIA\u0141A LI\u015a\u0106 50g"},"content":{"rendered":"<p class=\"western\" align=\"justify\"><span style=\"font-family: Comic Sans MS, serif;\">Morwa bia\u0142a to drzewo, kt\u00f3re znane jest przede wszystkim ze swoich ma\u0142ych, walcowatych owocostan\u00f3w przypominaj\u0105cych z wygl\u0105du je\u017cyny. Z li\u015bci natomiast przygotowa\u0107 mo\u017cna wyj\u0105tkow\u0105 herbatk\u0119. Herbata sporz\u0105dzona z rozdrobnionych li\u015bci morwy, ma przejrzysty, zielonkawo-\u017c\u00f3\u0142ty kolor i przyjemny, lekko s\u0142odkawy smak. Li\u015bcie morwy bia\u0142ej powinny w\u0142\u0105czy\u0107 do diety szczeg\u00f3lnie osoby chore na cukrzyc\u0119, gdy\u017c obecny w nich zwi\u0105zek o nazwie DNJ pozwala spowolni\u0107 proces rozk\u0142adu skrobi obecnej w wielu produktach na cukry proste, czyli popularn\u0105 glukoz\u0119. Li\u015bcie morwy znajd\u0105 r\u00f3wnie\u017c z powodzeniem zastosowanie w diecie os\u00f3b, kt\u00f3rym zale\u017cy na obni\u017ceniu masy cia\u0142a lub obni\u017ceniu poziomu cholesterolu. Mog\u0105 stanowi\u0107 r\u00f3wnie\u017c wsparcie w okresie wzmo\u017conego wysi\u0142ku fizycznego lub intensywnej pracy umys\u0142owej.<\/span><\/p>\n<p class=\"western\" align=\"justify\"><a name=\"_GoBack\"><\/a> <span style=\"color: #262626;\"><span style=\"font-family: Comic Sans MS, serif;\"><b>NAPAR:<\/b><\/span><\/span><span style=\"color: #262626;\"><span style=\"font-family: Comic Sans MS, serif;\"> nale\u017cy zala\u0107 1-2 \u0142y\u017ceczki produktu szklank\u0105 wrz\u0105cej wody. Nast\u0119pnie zaparza\u0107 pod przykryciem przez oko\u0142o kwadrans. Wypija\u0107 1-2 szklanki na dob\u0119.<\/span><\/span><\/p>\n<p class=\"western\" align=\"justify\"><span style=\"font-family: Comic Sans MS, serif;\"><b>Sk\u0142adniki: 100% li\u015bcie morwy (Morus alba L.).<\/b><\/span><\/p>\n<p class=\"western\" align=\"justify\"><span style=\"font-family: Comic Sans MS, serif;\"><b>Kraj pochodzenia : POLSKA<\/b><\/span><span style=\"font-family: Comic Sans MS, serif;\"> masa netto 50g<\/span><\/p>\n<p class=\"western\" align=\"justify\"><span style=\"font-family: Comic Sans MS, serif;\"><span style=\"font-size: small;\">Warunki przechowywania: przechowywa\u0107 w suchym i zaciemnionym miejscu.<\/span><\/span><\/p>\n<p class=\"western\" align=\"justify\"><span style=\"font-family: Comic Sans MS, serif;\"><span style=\"font-size: small;\">W zak\u0142adzie pakowane s\u0105 r\u00f3wnie\u017c: sezam, gorczyca, seler, produkty zawieraj\u0105ce gluten, r\u00f3\u017cne orzechy. Pomimo do\u0142o\u017cenia wszelkich stara\u0144 nie mo\u017cna w 100 % wykluczy\u0107 wyst\u0105pienia w produkcie tych surowc\u00f3w.<\/span><\/span><\/p>\n","protected":false},"excerpt":{"rendered":"<p><span style=\"font-family: Liberation Serif, serif;\"><span style=\"font-size: medium;\"><span style=\"font-family: Comic Sans MS, serif;\">Bez sztucznych barwnik\u00f3w, bez konserwant\u00f3w.<\/span><\/span><\/span><\/p>\n","protected":false},"featured_media":479,"comment_status":"open","ping_status":"closed","template":"","meta":[],"product_brand":[],"product_cat":[24],"product_tag":[],"class_list":{"0":"post-478","1":"product","2":"type-product","3":"status-publish","4":"has-post-thumbnail","6":"product_cat-ziola","8":"first","9":"instock","10":"taxable","11":"shipping-taxable","12":"purchasable","13":"product-type-simple"},"_links":{"self":[{"href":"https:\/\/sielankaznatury.pl\/index.php\/wp-json\/wp\/v2\/product\/478","targetHints":{"allow":["GET"]}}],"collection":[{"href":"https:\/\/sielankaznatury.pl\/index.php\/wp-json\/wp\/v2\/product"}],"about":[{"href":"https:\/\/sielankaznatury.pl\/index.php\/wp-json\/wp\/v2\/types\/product"}],"replies":[{"embeddable":true,"href":"https:\/\/sielankaznatury.pl\/index.php\/wp-json\/wp\/v2\/comments?post=478"}],"wp:featuredmedia":[{"embeddable":true,"href":"https:\/\/sielankaznatury.pl\/index.php\/wp-json\/wp\/v2\/media\/479"}],"wp:attachment":[{"href":"https:\/\/sielankaznatury.pl\/index.php\/wp-json\/wp\/v2\/media?parent=478"}],"wp:term":[{"taxonomy":"product_brand","embeddable":true,"href":"https:\/\/sielankaznatury.pl\/index.php\/wp-json\/wp\/v2\/product_brand?post=478"},{"taxonomy":"product_cat","embeddable":true,"href":"https:\/\/sielankaznatury.pl\/index.php\/wp-json\/wp\/v2\/product_cat?post=478"},{"taxonomy":"product_tag","embeddable":true,"href":"https:\/\/sielankaznatury.pl\/index.php\/wp-json\/wp\/v2\/product_tag?post=478"}],"curies":[{"name":"wp","href":"https:\/\/api.w.org\/{rel}","templated":true}]}}