{"id":485,"date":"2023-03-28T14:01:02","date_gmt":"2023-03-28T14:01:02","guid":{"rendered":"https:\/\/sielankaznatury.pl\/?post_type=product&#038;p=485"},"modified":"2024-02-26T14:01:24","modified_gmt":"2024-02-26T14:01:24","slug":"prawoslaz-lisc-50g","status":"publish","type":"product","link":"https:\/\/sielankaznatury.pl\/index.php\/produkt\/prawoslaz-lisc-50g\/","title":{"rendered":"PRAWO\u015aLAZ LI\u015a\u0106 50g"},"content":{"rendered":"<p class=\"western\" align=\"justify\"><span style=\"font-family: Comic Sans MS, serif;\">Jest to gatunek ro\u015bliny zielnej nale\u017c\u0105cy do rodziny \u015blazowatych. Ca\u0142a ro\u015blina pokryta jest charakterystycznymi, szarymi w\u0142oskami i wyr\u00f3\u017cnia si\u0119 du\u017cymi, r\u00f3\u017cowymi kwiatami. Korze\u0144 prawo\u015blazu po okorowaniu i rozdrobnieniu przypomina jasne, spl\u0105tane w\u0142\u00f3kna<br \/>\no mdl\u0105co-s\u0142odkawym zapachu. Pozytywnie wp\u0142ywa na drogi oddechowe, zawarty w nim naturalny \u015bluz \u0142agodzi bowiem podra\u017cnione infekcj\u0105 drogi oddechowe i pomaga szczeg\u00f3lnie przy m\u0119cz\u0105cym, suchym kaszlu.<\/span><\/p>\n<p class=\"western\" align=\"justify\"><span style=\"color: #262626;\"><span style=\"font-family: Comic Sans MS, serif;\"><b>NAPAR:<\/b><\/span><\/span><span style=\"color: #262626;\"><span style=\"font-family: Comic Sans MS, serif;\"> 1 \u0142y\u017ceczk\u0119 li\u015bci prawo\u015blazu (2 g) zala\u0107 jedn\u0105 szklank\u0105 wrz\u0105cej wody (250 ml),<\/span><\/span><\/p>\n<p class=\"western\" align=\"justify\"><span style=\"color: #262626;\"><span style=\"font-family: Comic Sans MS, serif;\">naparza\u0107 pod przykryciem 15 min. Przecedzi\u0107. Pi\u0107 2 razy dziennie po 1\/2 szklanki. 2 g li\u015bci prawo\u015blazu stanowi\u0105 dzienn\u0105 porcj\u0119 do spo\u017cycia. Nie nale\u017cy przekracza\u0107 zalecanej porcji do spo\u017cycia w ci\u0105gu dnia.<\/span><\/span><\/p>\n<p class=\"western\" align=\"justify\"><span style=\"font-family: Comic Sans MS, serif;\"><b>Sk\u0142adniki: 100% prawo\u015blaz li\u015bcie (Althaea officinalis).<\/b><\/span><\/p>\n<p class=\"western\" align=\"justify\"><span style=\"font-family: Comic Sans MS, serif;\">Kraj pochodzenia : POLSKA masa netto 50g<\/span><\/p>\n<p class=\"western\" align=\"justify\"><a name=\"_GoBack\"><\/a> <span style=\"font-family: Comic Sans MS, serif;\">Warunki przechowywania: przechowywa\u0107 w suchym i zaciemnionym miejscu.<\/span><\/p>\n<p class=\"western\" align=\"justify\"><span style=\"font-family: Comic Sans MS, serif;\">W zak\u0142adzie pakowane s\u0105 r\u00f3wnie\u017c: sezam, gorczyca, seler, produkty zawieraj\u0105ce gluten, r\u00f3\u017cne orzechy. Pomimo do\u0142o\u017cenia wszelkich stara\u0144 nie mo\u017cna w 100 % wykluczy\u0107 wyst\u0105pienia w produkcie tych surowc\u00f3w.<\/span><\/p>\n","protected":false},"excerpt":{"rendered":"<p>Jest to gatunek ro\u015bliny zielnej nale\u017c\u0105cy do rodziny \u015blazowatych. Ca\u0142a ro\u015blina pokryta jest charakterystycznymi, szarymi w\u0142oskami i wyr\u00f3\u017cnia si\u0119 du\u017cymi, r\u00f3\u017cowymi kwiatami. Korze\u0144 prawo\u015blazu po okorowaniu i rozdrobnieniu przypomina jasne, spl\u0105tane w\u0142\u00f3kna o mdl\u0105co-s\u0142odkawym zapachu. Pozytywnie wp\u0142ywa na drogi oddechowe, zawarty w nim naturalny \u015bluz \u0142agodzi bowiem podra\u017cnione infekcj\u0105 drogi oddechowe i pomaga szczeg\u00f3lnie przy<span class=\"read-more-faq\"><a href=\"https:\/\/sielankaznatury.pl\/index.php\/produkt\/prawoslaz-lisc-50g\/\">Read More<\/a><\/span><\/p>\n","protected":false},"featured_media":486,"comment_status":"open","ping_status":"closed","template":"","meta":[],"product_brand":[],"product_cat":[24],"product_tag":[],"class_list":{"0":"post-485","1":"product","2":"type-product","3":"status-publish","4":"has-post-thumbnail","6":"product_cat-ziola","8":"first","9":"outofstock","10":"taxable","11":"shipping-taxable","12":"purchasable","13":"product-type-simple"},"_links":{"self":[{"href":"https:\/\/sielankaznatury.pl\/index.php\/wp-json\/wp\/v2\/product\/485","targetHints":{"allow":["GET"]}}],"collection":[{"href":"https:\/\/sielankaznatury.pl\/index.php\/wp-json\/wp\/v2\/product"}],"about":[{"href":"https:\/\/sielankaznatury.pl\/index.php\/wp-json\/wp\/v2\/types\/product"}],"replies":[{"embeddable":true,"href":"https:\/\/sielankaznatury.pl\/index.php\/wp-json\/wp\/v2\/comments?post=485"}],"wp:featuredmedia":[{"embeddable":true,"href":"https:\/\/sielankaznatury.pl\/index.php\/wp-json\/wp\/v2\/media\/486"}],"wp:attachment":[{"href":"https:\/\/sielankaznatury.pl\/index.php\/wp-json\/wp\/v2\/media?parent=485"}],"wp:term":[{"taxonomy":"product_brand","embeddable":true,"href":"https:\/\/sielankaznatury.pl\/index.php\/wp-json\/wp\/v2\/product_brand?post=485"},{"taxonomy":"product_cat","embeddable":true,"href":"https:\/\/sielankaznatury.pl\/index.php\/wp-json\/wp\/v2\/product_cat?post=485"},{"taxonomy":"product_tag","embeddable":true,"href":"https:\/\/sielankaznatury.pl\/index.php\/wp-json\/wp\/v2\/product_tag?post=485"}],"curies":[{"name":"wp","href":"https:\/\/api.w.org\/{rel}","templated":true}]}}