{"id":489,"date":"2023-03-28T13:58:44","date_gmt":"2023-03-28T13:58:44","guid":{"rendered":"https:\/\/sielankaznatury.pl\/?post_type=product&#038;p=489"},"modified":"2025-02-07T13:16:25","modified_gmt":"2025-02-07T13:16:25","slug":"przytulia-czepna-ziele-ciete-50g","status":"publish","type":"product","link":"https:\/\/sielankaznatury.pl\/index.php\/produkt\/przytulia-czepna-ziele-ciete-50g\/","title":{"rendered":"PRZYTULIA CZEPNA ZIELE CI\u0118TE 50g"},"content":{"rendered":"<p class=\"western\" align=\"justify\"><span style=\"font-family: Comic Sans MS, serif;\">Ziele o nazwie Przytulia czepna (\u0142ac. Galium aparine L.), zyska\u0142o swoj\u0105 nazw\u0119 od tego, \u017ce przyczepia si\u0119 do wszystkiego co j\u0105 mija. Przytulia czepna zawiera w swoim sk\u0142adzie substancje takie jak: fenole, garbniki, alkaloidy, flawonoidy czy saponiny. Sk\u0142ad oraz w\u0142a\u015bciwo\u015bci przytuli powoduj\u0105, \u017ce jest ro\u015blin\u0105 stosowan\u0105 przy schorzeniach zwi\u0105zanych z uk\u0142adem moczowym, limfatycznym, a tak\u017ce przy problemach sk\u00f3rnych. Dzia\u0142a tak\u017ce oczyszczaj\u0105co oraz wzmacniaj\u0105co nasz\u0105 odporno\u015b\u0107. Dlatego sprawdzi si\u0119 szczeg\u00f3lnie<br \/>\nw okresie jesienno-zimowym, kiedy jeste\u015bmy nara\u017ceni na przezi\u0119bienia. <\/span><\/p>\n<p class=\"western\" align=\"justify\"><span style=\"font-family: Comic Sans MS, serif;\">Przytulia czepna jest cz\u0119sto wybierana przez osoby zmagaj\u0105ce si\u0119 z infekcjami p\u0119cherza oraz nerek, bowiem nale\u017cy do zi\u00f3\u0142 moczop\u0119dnych. Wykazuje dzia\u0142anie pomagaj\u0105ce odprowadzi\u0107 nadmiar sodu do moczu, co zmniejsza ryzyko powstawania kamieni nerkowych.<\/span><\/p>\n<p class=\"western\" align=\"justify\"><span style=\"color: #262626;\"><span style=\"font-family: Comic Sans MS, serif;\"><b>NAPAR:<\/b><\/span><\/span><span style=\"color: #262626;\"><span style=\"font-family: Comic Sans MS, serif;\">2 \u0142y\u017cki ziela zala\u0107 1 szklank\u0105 wrz\u0105cej wody i parzy\u0107 pod przykryciem przez<br \/>\n10 min., nast\u0119pnie przecedzi\u0107; pi\u0107 3 razy dziennie.<\/span><\/span><\/p>\n<p class=\"western\" align=\"justify\"><span style=\"font-family: Comic Sans MS, serif;\"><b>Sk\u0142adniki: 100% przytulia czepna (Galium aparine L.).<\/b><\/span><\/p>\n<p class=\"western\" align=\"justify\"><a name=\"_GoBack\"><\/a> <span style=\"font-family: Comic Sans MS, serif;\">Kraj pochodzenia : POLSKA masa netto 50g<\/span><\/p>\n<p class=\"western\" align=\"justify\"><span style=\"font-family: Comic Sans MS, serif;\">Warunki przechowywania: przechowywa\u0107 w suchym i zaciemnionym miejscu.<\/span><\/p>\n<p class=\"western\" align=\"justify\"><span style=\"font-family: Comic Sans MS, serif;\">W zak\u0142adzie pakowane s\u0105 r\u00f3wnie\u017c: sezam, gorczyca, seler, produkty zawieraj\u0105ce gluten, r\u00f3\u017cne orzechy. Pomimo do\u0142o\u017cenia wszelkich stara\u0144 nie mo\u017cna w 100 % wykluczy\u0107 wyst\u0105pienia w produkcie tych surowc\u00f3w.<\/span><\/p>\n","protected":false},"excerpt":{"rendered":"<p class=\"western\" align=\"justify\"><span style=\"font-family: Comic Sans MS, serif;\">Bez sztucznych barwnik\u00f3w, bez konserwant\u00f3w.<\/span><\/p>\n","protected":false},"featured_media":490,"comment_status":"open","ping_status":"closed","template":"","meta":[],"product_brand":[],"product_cat":[24],"product_tag":[],"class_list":{"0":"post-489","1":"product","2":"type-product","3":"status-publish","4":"has-post-thumbnail","6":"product_cat-ziola","8":"first","9":"instock","10":"taxable","11":"shipping-taxable","12":"purchasable","13":"product-type-simple"},"_links":{"self":[{"href":"https:\/\/sielankaznatury.pl\/index.php\/wp-json\/wp\/v2\/product\/489","targetHints":{"allow":["GET"]}}],"collection":[{"href":"https:\/\/sielankaznatury.pl\/index.php\/wp-json\/wp\/v2\/product"}],"about":[{"href":"https:\/\/sielankaznatury.pl\/index.php\/wp-json\/wp\/v2\/types\/product"}],"replies":[{"embeddable":true,"href":"https:\/\/sielankaznatury.pl\/index.php\/wp-json\/wp\/v2\/comments?post=489"}],"wp:featuredmedia":[{"embeddable":true,"href":"https:\/\/sielankaznatury.pl\/index.php\/wp-json\/wp\/v2\/media\/490"}],"wp:attachment":[{"href":"https:\/\/sielankaznatury.pl\/index.php\/wp-json\/wp\/v2\/media?parent=489"}],"wp:term":[{"taxonomy":"product_brand","embeddable":true,"href":"https:\/\/sielankaznatury.pl\/index.php\/wp-json\/wp\/v2\/product_brand?post=489"},{"taxonomy":"product_cat","embeddable":true,"href":"https:\/\/sielankaznatury.pl\/index.php\/wp-json\/wp\/v2\/product_cat?post=489"},{"taxonomy":"product_tag","embeddable":true,"href":"https:\/\/sielankaznatury.pl\/index.php\/wp-json\/wp\/v2\/product_tag?post=489"}],"curies":[{"name":"wp","href":"https:\/\/api.w.org\/{rel}","templated":true}]}}