{"id":492,"date":"2023-03-28T14:03:32","date_gmt":"2023-03-28T14:03:32","guid":{"rendered":"https:\/\/sielankaznatury.pl\/?post_type=product&#038;p=492"},"modified":"2023-09-13T08:01:45","modified_gmt":"2023-09-13T08:01:45","slug":"przytulia-wlasciwa-ziele-ciete-50g","status":"publish","type":"product","link":"https:\/\/sielankaznatury.pl\/index.php\/produkt\/przytulia-wlasciwa-ziele-ciete-50g\/","title":{"rendered":"PRZYTULIA W\u0141A\u015aCIWA ZIELE CI\u0118TE 50g"},"content":{"rendered":"<p class=\"western\" align=\"justify\"><span style=\"font-family: Comic Sans MS, serif;\">Znana r\u00f3wnie\u017c pod nazw\u0105 przytulia \u017c\u00f3\u0142ta. Dzia\u0142a moczop\u0119dnie i przeciwobrz\u0119kowo. Ziele przytuli stosuje si\u0119 jako aromatyczny dodatek do herbat lub jako napar. Jej moczop\u0119dne w\u0142a\u015bciwo\u015bci, znakomicie sprawdzaj\u0105 si\u0119 podczas niwelowania objaw\u00f3w chor\u00f3b takich jak kamica nerkowa, dna moczanowa, czy przy og\u00f3lnych problemach<br \/>\nz cewk\u0105 moczow\u0105. Przytulia w\u0142a\u015bciwa pobudza przemian\u0119 materii, ma dzia\u0142anie napotne<br \/>\ni oczyszczaj\u0105ce organizm z niebezpiecznych toksyn. Odtruwa i przyspiesza regeneracj\u0119. Mo\u017ce by\u0107 wykorzystywana w leczeniu przewlek\u0142ych biegunek, stan\u00f3w zapalnych i gor\u0105czek. Jej w\u0142a\u015bciwo\u015bci uspokajaj\u0105ce i przeciwb\u00f3lowe sprawdz\u0105 si\u0119 u os\u00f3b przem\u0119czonych, os\u0142abionych i dotkni\u0119tych przewlek\u0142ymi chorobami wewn\u0119trznymi. Poleca si\u0119 j\u0105 r\u00f3wnie\u017c osobom, kt\u00f3re na co dzie\u0144 walcz\u0105 ze zwiotczeniem sk\u00f3ry, zask\u00f3rnikami, w\u0105grami i innymi stanami zapalnymi.<\/span><\/p>\n<p class=\"western\" align=\"justify\"><span style=\"color: #262626;\"><span style=\"font-family: Comic Sans MS, serif;\"><b>NAPAR:<\/b><\/span><\/span><span style=\"color: #262626;\"><span style=\"font-family: Comic Sans MS, serif;\"> 1 \u0142y\u017ck\u0119 ziela zala\u0107 1 szklank\u0105 wrz\u0105cej wody i parzy\u0107 pod przykryciem przez 15<\/span><\/span><\/p>\n<p class=\"western\" align=\"justify\"><span style=\"color: #262626;\"><span style=\"font-family: Comic Sans MS, serif;\">-20 min., nast\u0119pnie przecedzi\u0107 i w razie potrzeby pi\u0107 2-3 razy dziennie po 1\/2 szklanki.<\/span><\/span><\/p>\n<p class=\"western\" align=\"justify\"><span style=\"font-family: Comic Sans MS, serif;\"><b>Sk\u0142adniki: 100% przytulia w\u0142a\u015bciwa (Galium verum L.).<\/b><\/span><\/p>\n<p class=\"western\" align=\"justify\"><a name=\"_GoBack\"><\/a> <span style=\"font-family: Comic Sans MS, serif;\">Kraj pochodzenia : POLSKA masa netto 50g<\/span><\/p>\n<p class=\"western\" align=\"justify\"><span style=\"font-family: Comic Sans MS, serif;\">Warunki przechowywania: przechowywa\u0107 w suchym i zaciemnionym miejscu.<\/span><\/p>\n<p class=\"western\" align=\"justify\"><span style=\"font-family: Comic Sans MS, serif;\">W zak\u0142adzie pakowane s\u0105 r\u00f3wnie\u017c: sezam, gorczyca, seler, produkty zawieraj\u0105ce gluten, r\u00f3\u017cne orzechy. Pomimo do\u0142o\u017cenia wszelkich stara\u0144 nie mo\u017cna w 100 % wykluczy\u0107 wyst\u0105pienia w produkcie tych surowc\u00f3w.<\/span><\/p>\n","protected":false},"excerpt":{"rendered":"<p class=\"western\" align=\"justify\"><span style=\"font-family: Comic Sans MS, serif;\">Bez sztucznych barwnik\u00f3w, bez konserwant\u00f3w.<\/span><\/p>\n","protected":false},"featured_media":493,"comment_status":"open","ping_status":"closed","template":"","meta":[],"product_brand":[],"product_cat":[24],"product_tag":[],"class_list":{"0":"post-492","1":"product","2":"type-product","3":"status-publish","4":"has-post-thumbnail","6":"product_cat-ziola","8":"first","9":"instock","10":"taxable","11":"shipping-taxable","12":"purchasable","13":"product-type-simple"},"_links":{"self":[{"href":"https:\/\/sielankaznatury.pl\/index.php\/wp-json\/wp\/v2\/product\/492","targetHints":{"allow":["GET"]}}],"collection":[{"href":"https:\/\/sielankaznatury.pl\/index.php\/wp-json\/wp\/v2\/product"}],"about":[{"href":"https:\/\/sielankaznatury.pl\/index.php\/wp-json\/wp\/v2\/types\/product"}],"replies":[{"embeddable":true,"href":"https:\/\/sielankaznatury.pl\/index.php\/wp-json\/wp\/v2\/comments?post=492"}],"wp:featuredmedia":[{"embeddable":true,"href":"https:\/\/sielankaznatury.pl\/index.php\/wp-json\/wp\/v2\/media\/493"}],"wp:attachment":[{"href":"https:\/\/sielankaznatury.pl\/index.php\/wp-json\/wp\/v2\/media?parent=492"}],"wp:term":[{"taxonomy":"product_brand","embeddable":true,"href":"https:\/\/sielankaznatury.pl\/index.php\/wp-json\/wp\/v2\/product_brand?post=492"},{"taxonomy":"product_cat","embeddable":true,"href":"https:\/\/sielankaznatury.pl\/index.php\/wp-json\/wp\/v2\/product_cat?post=492"},{"taxonomy":"product_tag","embeddable":true,"href":"https:\/\/sielankaznatury.pl\/index.php\/wp-json\/wp\/v2\/product_tag?post=492"}],"curies":[{"name":"wp","href":"https:\/\/api.w.org\/{rel}","templated":true}]}}