{"id":572,"date":"2023-03-31T14:09:54","date_gmt":"2023-03-31T14:09:54","guid":{"rendered":"https:\/\/sielankaznatury.pl\/?post_type=product&#038;p=572"},"modified":"2024-04-19T08:42:44","modified_gmt":"2024-04-19T08:42:44","slug":"przyprawa-do-flakow-80g","status":"publish","type":"product","link":"https:\/\/sielankaznatury.pl\/index.php\/produkt\/przyprawa-do-flakow-80g\/","title":{"rendered":"PRZYPRAWA DO FLAK\u00d3W  80g"},"content":{"rendered":"<p align=\"justify\"><span style=\"font-family: Liberation Serif, serif;\"><span style=\"font-size: medium;\"><span style=\"font-family: Comic Sans MS, serif;\"><b>PRZYPRAWA DO FLAK\u00d3W<\/b><\/span><\/span><\/span><\/p>\n<p align=\"justify\"><span style=\"font-family: Comic Sans MS, serif;\"><span style=\"font-size: medium;\">Bez sztucznych barwnik\u00f3w, bez glutaminianu sodu, bez konserwant\u00f3w.<\/span><\/span><\/p>\n<p align=\"justify\"><span style=\"font-family: Comic Sans MS, serif;\"><span style=\"font-size: medium;\">Ta mieszanka zdecydowanie \u015bwietnie wpasuje si\u0119 w gusta os\u00f3b, kt\u00f3re b\u0119d\u0105 szuka\u0142y naturalnego, konkretnego i bardzo aromatycznego zestawu przypraw do flak\u00f3w. Flaki przyrz\u0105dzone w domu b\u0119d\u0105 smaczn\u0105 i konkretn\u0105 opcj\u0105, aby dobrze zje\u015b\u0107. Szczeg\u00f3lnie z nasz\u0105 mieszank\u0105, w kt\u00f3rej znajdziesz absolutnie wszystkie sk\u0142adniki potrzebne do stworzenia idealnych flak\u00f3w.<\/span><\/span><\/p>\n<p align=\"justify\"><span style=\"font-family: Comic Sans MS, serif;\"><span style=\"font-size: medium;\"><b>Sk\u0142adniki:<\/b><\/span><\/span><span style=\"font-family: Comic Sans MS, serif;\"><span style=\"font-size: medium;\"> marchew, majeranek, s\u00f3l, seler suszony, pasternak, cebula suszona, pieprz czarny, ziele angielskie, papryka s\u0142odka, ga\u0142ka muszkato\u0142owa, papryka ostra, czosnek suszony, li\u015bcie laurowe, imbir.<\/span><\/span><\/p>\n<p align=\"justify\"><span style=\"font-family: Comic Sans MS, serif;\"><span style=\"font-size: medium;\">Wyprodukowano w: POLSKA\u00a0 \u00a0 \u00a0 \u00a0 \u00a0 \u00a0 \u00a0 \u00a0 \u00a0 \u00a0 \u00a0 \u00a0 <\/span><\/span><span style=\"font-family: Comic Sans MS, serif;\"><span style=\"font-size: medium;\"><b>masa netto 70g<\/b><\/span><\/span><\/p>\n<p align=\"justify\"><span style=\"font-family: Liberation Serif, serif;\"><span style=\"font-size: medium;\"><span style=\"font-family: Comic Sans MS, serif;\"><span style=\"font-size: small;\">Warunki przechowywania: przechowywa\u0107 w suchym i zaciemnionym miejscu. <\/span><\/span><\/span><\/span><span style=\"font-family: Liberation Serif, serif;\"><span style=\"font-size: medium;\"><span style=\"font-family: Comic Sans MS, serif;\"><span style=\"font-size: small;\">W zak\u0142adzie pakowane s\u0105 r\u00f3wnie\u017c: sezam, gorczyca, seler, produkty zawieraj\u0105ce gluten, r\u00f3\u017cne orzechy. Pomimo do\u0142o\u017cenia wszelkich stara\u0144 nie mo\u017cna w 100 % wykluczy\u0107 wyst\u0105pienia w produkcie tych surowc\u00f3w.<\/span><\/span><\/span><\/span><\/p>\n","protected":false},"excerpt":{"rendered":"<p align=\"justify\"><span style=\"font-family: Liberation Serif, serif;\"><span style=\"font-size: medium;\"><span style=\"font-family: Comic Sans MS, serif;\"><b>PRZYPRAWA DO FLAK\u00d3W<\/b><\/span><\/span><\/span><\/p>\n<p align=\"justify\"><span style=\"font-family: Comic Sans MS, serif;\"><span style=\"font-size: medium;\">Bez sztucznych barwnik\u00f3w, bez glutaminianu sodu, bez konserwant\u00f3w.<\/span><\/span><\/p>\n","protected":false},"featured_media":573,"comment_status":"open","ping_status":"closed","template":"","meta":[],"product_brand":[],"product_cat":[17],"product_tag":[],"class_list":{"0":"post-572","1":"product","2":"type-product","3":"status-publish","4":"has-post-thumbnail","6":"product_cat-przyprawy","8":"first","9":"instock","10":"taxable","11":"shipping-taxable","12":"purchasable","13":"product-type-simple"},"_links":{"self":[{"href":"https:\/\/sielankaznatury.pl\/index.php\/wp-json\/wp\/v2\/product\/572","targetHints":{"allow":["GET"]}}],"collection":[{"href":"https:\/\/sielankaznatury.pl\/index.php\/wp-json\/wp\/v2\/product"}],"about":[{"href":"https:\/\/sielankaznatury.pl\/index.php\/wp-json\/wp\/v2\/types\/product"}],"replies":[{"embeddable":true,"href":"https:\/\/sielankaznatury.pl\/index.php\/wp-json\/wp\/v2\/comments?post=572"}],"wp:featuredmedia":[{"embeddable":true,"href":"https:\/\/sielankaznatury.pl\/index.php\/wp-json\/wp\/v2\/media\/573"}],"wp:attachment":[{"href":"https:\/\/sielankaznatury.pl\/index.php\/wp-json\/wp\/v2\/media?parent=572"}],"wp:term":[{"taxonomy":"product_brand","embeddable":true,"href":"https:\/\/sielankaznatury.pl\/index.php\/wp-json\/wp\/v2\/product_brand?post=572"},{"taxonomy":"product_cat","embeddable":true,"href":"https:\/\/sielankaznatury.pl\/index.php\/wp-json\/wp\/v2\/product_cat?post=572"},{"taxonomy":"product_tag","embeddable":true,"href":"https:\/\/sielankaznatury.pl\/index.php\/wp-json\/wp\/v2\/product_tag?post=572"}],"curies":[{"name":"wp","href":"https:\/\/api.w.org\/{rel}","templated":true}]}}