{"id":649,"date":"2023-10-17T15:43:09","date_gmt":"2023-10-17T15:43:09","guid":{"rendered":"https:\/\/sielankaznatury.pl\/?post_type=product&#038;p=649"},"modified":"2024-04-19T08:41:35","modified_gmt":"2024-04-19T08:41:35","slug":"lawenda-woreczki-3-szt","status":"publish","type":"product","link":"https:\/\/sielankaznatury.pl\/index.php\/produkt\/lawenda-woreczki-3-szt\/","title":{"rendered":"Lawenda woreczki- 3 szt"},"content":{"rendered":"<p>Doskonale pachn\u0105ce woreczki, wype\u0142nione kwiatem lawendy(18-20 gram).<\/p>\n<p>Wy\u015bmienicie sprawdz\u0105 si\u0119 w szafie, \u0142azience, jako od\u015bwie\u017cacz zdrowy i naturalny do samochodu.<\/p>\n<p>Mo\u017cna je r\u00f3wnie\u017c powiesi\u0107 w sypialni w okolicy \u0142\u00f3\u017cka, gdzie poprzez zapach zrelaksuj\u0105, ukoj\u0105. \ud83d\ude42<\/p>\n<p>Nasi klienci u\u017cywaj\u0105 ich do k\u0105pieli \ud83d\ude42 :-), lub jako dodatek do napar\u00f3w(herbat) zio\u0142owych np komponuj\u0105c lawend\u0119 z werben\u0105 cytrynow\u0105 i melis\u0105, herbat\u0105 rooibos.<\/p>\n<p>Produkt pakowany r\u0119cznie.<\/p>\n","protected":false},"excerpt":{"rendered":"<p>Doskonale pachn\u0105ce woreczki, wype\u0142nione kwiatem lawendy.<\/p>\n<p>18-20 gram.<\/p>\n<p>Wy\u015bmienicie sprawdz\u0105 si\u0119 w szafie, \u0142azience, jako od\u015bwie\u017cacz zdrowy i naturalny do samochodu.<\/p>\n<p>Mo\u017cna je r\u00f3wnie\u017c powiesi\u0107 w sypialni w okolicy \u0142\u00f3\u017cka, gdzie poprzez zapach zrelaksuj\u0105, ukoj\u0105. \ud83d\ude42<\/p>\n<p>Nasi klienci u\u017cywaj\u0105 ich r\u00f3wnie\u017c do k\u0105pieli \ud83d\ude42 \ud83d\ude42<\/p>\n","protected":false},"featured_media":650,"comment_status":"open","ping_status":"closed","template":"","meta":[],"product_brand":[],"product_cat":[43],"product_tag":[],"class_list":{"0":"post-649","1":"product","2":"type-product","3":"status-publish","4":"has-post-thumbnail","6":"product_cat-lawenda","8":"first","9":"instock","10":"taxable","11":"shipping-taxable","12":"purchasable","13":"product-type-simple"},"_links":{"self":[{"href":"https:\/\/sielankaznatury.pl\/index.php\/wp-json\/wp\/v2\/product\/649","targetHints":{"allow":["GET"]}}],"collection":[{"href":"https:\/\/sielankaznatury.pl\/index.php\/wp-json\/wp\/v2\/product"}],"about":[{"href":"https:\/\/sielankaznatury.pl\/index.php\/wp-json\/wp\/v2\/types\/product"}],"replies":[{"embeddable":true,"href":"https:\/\/sielankaznatury.pl\/index.php\/wp-json\/wp\/v2\/comments?post=649"}],"wp:featuredmedia":[{"embeddable":true,"href":"https:\/\/sielankaznatury.pl\/index.php\/wp-json\/wp\/v2\/media\/650"}],"wp:attachment":[{"href":"https:\/\/sielankaznatury.pl\/index.php\/wp-json\/wp\/v2\/media?parent=649"}],"wp:term":[{"taxonomy":"product_brand","embeddable":true,"href":"https:\/\/sielankaznatury.pl\/index.php\/wp-json\/wp\/v2\/product_brand?post=649"},{"taxonomy":"product_cat","embeddable":true,"href":"https:\/\/sielankaznatury.pl\/index.php\/wp-json\/wp\/v2\/product_cat?post=649"},{"taxonomy":"product_tag","embeddable":true,"href":"https:\/\/sielankaznatury.pl\/index.php\/wp-json\/wp\/v2\/product_tag?post=649"}],"curies":[{"name":"wp","href":"https:\/\/api.w.org\/{rel}","templated":true}]}}