{"id":659,"date":"2023-11-17T21:06:55","date_gmt":"2023-11-17T21:06:55","guid":{"rendered":"https:\/\/sielankaznatury.pl\/?post_type=product&#038;p=659"},"modified":"2026-03-04T11:29:45","modified_gmt":"2026-03-04T11:29:45","slug":"przyprawa-naturalna-do-rosolu-zup-oraz-gulaszow-i-jako-zdrowa-panierka-150g","status":"publish","type":"product","link":"https:\/\/sielankaznatury.pl\/index.php\/produkt\/przyprawa-naturalna-do-rosolu-zup-oraz-gulaszow-i-jako-zdrowa-panierka-150g\/","title":{"rendered":"BESTSELLER-MIESZANKA NATURALNA DO ROSO\u0141U, ZUP ORAZ GULASZ\u00d3W I JAKO ZDROWA PANIERKA 200G"},"content":{"rendered":"<p class=\"western\" align=\"justify\"><span style=\"font-family: Comic Sans MS, serif;\"><span style=\"font-size: medium;\">Nasz absolutny faworyt, doceniana i zamawiana przez wielu klient\u00f3w.\u00a0<\/span><\/span><\/p>\n<p class=\"western\" align=\"justify\"><span style=\"font-family: Comic Sans MS, serif;\"><span style=\"font-size: medium;\">Przyprawa naturalna bez soli i glutaminianu znajdzie w ka\u017cdej kuchni wiele zastosowa\u0144. Przede wszystkim jest to doby dodatek do potraw zar\u00f3wno mi\u0119snych, jak i warzywnych. Doskona\u0142a do zdrowych roso\u0142\u00f3w i zup dla dzieci. Zdrowa dla \u017co\u0142\u0105dka o doskona\u0142ym sk\u0142adzie.\u00a0<\/span><\/span><\/p>\n<p class=\"western\" align=\"justify\"><span style=\"font-family: Comic Sans MS, serif;\"><span style=\"font-size: medium;\"><b>Sk\u0142adniki <\/b><\/span><\/span><span style=\"font-family: Comic Sans MS, serif;\"><span style=\"font-size: medium;\">w zmiennych proporcjach: pasternak, marchewka, cebula, pietruszka na\u0107, <\/span><\/span><\/p>\n<p class=\"western\" align=\"justify\"><span style=\"font-family: Comic Sans MS, serif;\"><span style=\"font-size: medium;\">kurkuma, pieprz czarny, lubczyk, curry, czosnek, cebula, seler na\u0107.<\/span><\/span><\/p>\n<p class=\"western\" align=\"justify\"><span style=\"font-family: Comic Sans MS, serif;\"><span style=\"font-size: medium;\">Wyprodukowano w: POLSKA <\/span><\/span><span style=\"font-family: Comic Sans MS, serif;\"><span style=\"font-size: medium;\"><b>masa netto 200g<\/b><\/span><\/span><\/p>\n<p align=\"justify\"><span style=\"font-family: Liberation Serif, serif;\"><span style=\"font-size: medium;\"><span style=\"font-family: Comic Sans MS, serif;\"><span style=\"font-size: small;\">Warunki przechowywania: przechowywa\u0107 w suchym i zaciemnionym miejscu.<\/span><\/span><\/span><\/span><\/p>\n<p align=\"justify\">Produkt pakowany r\u0119cznie.<\/p>\n<p align=\"justify\"><span style=\"font-family: Liberation Serif, serif;\"><span style=\"font-size: medium;\"><span style=\"font-family: Comic Sans MS, serif;\"><span style=\"font-size: small;\">W zak\u0142adzie pakowane s\u0105 r\u00f3wnie\u017c: sezam, gorczyca, seler, produkty zawieraj\u0105ce gluten, r\u00f3\u017cne orzechy. Pomimo do\u0142o\u017cenia wszelkich stara\u0144 nie mo\u017cna w 100 % wykluczy\u0107 wyst\u0105pienia w produkcie tych surowc\u00f3w.<\/span><\/span><\/span><\/span><\/p>\n","protected":false},"excerpt":{"rendered":"<p class=\"western\" align=\"justify\"><span style=\"font-family: Comic Sans MS, serif;\"><span style=\"font-size: medium;\">BEZ SOLI, Bez sztucznych barwnik\u00f3w, bez glutaminianu sodu, bez konserwant\u00f3w.<\/span><\/span><\/p>\n","protected":false},"featured_media":534,"comment_status":"open","ping_status":"closed","template":"","meta":[],"product_brand":[],"product_cat":[17],"product_tag":[],"class_list":{"0":"post-659","1":"product","2":"type-product","3":"status-publish","4":"has-post-thumbnail","6":"product_cat-przyprawy","8":"first","9":"instock","10":"taxable","11":"shipping-taxable","12":"purchasable","13":"product-type-simple"},"_links":{"self":[{"href":"https:\/\/sielankaznatury.pl\/index.php\/wp-json\/wp\/v2\/product\/659","targetHints":{"allow":["GET"]}}],"collection":[{"href":"https:\/\/sielankaznatury.pl\/index.php\/wp-json\/wp\/v2\/product"}],"about":[{"href":"https:\/\/sielankaznatury.pl\/index.php\/wp-json\/wp\/v2\/types\/product"}],"replies":[{"embeddable":true,"href":"https:\/\/sielankaznatury.pl\/index.php\/wp-json\/wp\/v2\/comments?post=659"}],"wp:featuredmedia":[{"embeddable":true,"href":"https:\/\/sielankaznatury.pl\/index.php\/wp-json\/wp\/v2\/media\/534"}],"wp:attachment":[{"href":"https:\/\/sielankaznatury.pl\/index.php\/wp-json\/wp\/v2\/media?parent=659"}],"wp:term":[{"taxonomy":"product_brand","embeddable":true,"href":"https:\/\/sielankaznatury.pl\/index.php\/wp-json\/wp\/v2\/product_brand?post=659"},{"taxonomy":"product_cat","embeddable":true,"href":"https:\/\/sielankaznatury.pl\/index.php\/wp-json\/wp\/v2\/product_cat?post=659"},{"taxonomy":"product_tag","embeddable":true,"href":"https:\/\/sielankaznatury.pl\/index.php\/wp-json\/wp\/v2\/product_tag?post=659"}],"curies":[{"name":"wp","href":"https:\/\/api.w.org\/{rel}","templated":true}]}}