{"id":73,"date":"2023-01-23T18:37:29","date_gmt":"2023-01-23T18:37:29","guid":{"rendered":"http:\/\/dguqoldtak.cfolks.pl\/sielanka\/?post_type=product&#038;p=73"},"modified":"2023-04-12T11:26:52","modified_gmt":"2023-04-12T11:26:52","slug":"bazylia-lisc","status":"publish","type":"product","link":"https:\/\/sielankaznatury.pl\/index.php\/produkt\/bazylia-lisc\/","title":{"rendered":"BAZYLIA LI\u015a\u0106 50g"},"content":{"rendered":"<p>Wspania\u0142a aromatyczna, wysoko gatunkowa.<\/p>\n<p>Bazylia jest ceniona g\u0142\u00f3wnie za sw\u00f3j niepowtarzalny smak i aromat, bez kt\u00f3rego nie mo\u017ce oby\u0107 si\u0119 wi\u0119kszo\u015b\u0107 da\u0144 kuchni w\u0142oskiej. Aromat bazylii sprawia, \u017ce jest ona idealnym uzupe\u0142nieniem pomidor\u00f3w (cz\u0119sto okre\u015blana jest jako &#8222;zio\u0142o pomidorowe&#8221;). Ponadto jest doskona\u0142ym dodatkiem do bak\u0142a\u017cana, cukinii, szpinaku, makaron\u00f3w, sos\u00f3w, krem\u00f3w, pizzy czy zup.<\/p>\n<p>&nbsp;<\/p>\n<p><strong>Sk\u0142adniki: 100% bazylia (Ocimum basilicum L.).<\/strong><\/p>\n<p><strong>\u00a0<\/strong><\/p>\n<p>KRAJ POCHODZENIA: EGIPT\u00a0\u00a0\u00a0\u00a0\u00a0\u00a0\u00a0\u00a0\u00a0\u00a0\u00a0\u00a0\u00a0\u00a0\u00a0\u00a0\u00a0\u00a0\u00a0\u00a0 \u00a0\u00a0\u00a0\u00a0\u00a0\u00a0\u00a0\u00a0\u00a0\u00a0\u00a0\u00a0\u00a0\u00a0\u00a0\u00a0\u00a0\u00a0\u00a0\u00a0\u00a0\u00a0\u00a0\u00a0\u00a0\u00a0\u00a0 <strong>masa netto 50 g<\/strong><\/p>\n<p><strong>\u00a0<\/strong><\/p>\n<p>Warunki przechowywania: przechowywa\u0107 w suchym i zaciemnionym miejscu.<\/p>\n<p>&nbsp;<\/p>\n<p>W zak\u0142adzie pakowane s\u0105 r\u00f3wnie\u017c: sezam, gorczyca, seler, produkty zawieraj\u0105ce gluten, r\u00f3\u017cne orzechy. Pomimo do\u0142o\u017cenia wszelkich stara\u0144 nie mo\u017cna w 100 %\u00a0 wykluczy\u0107 wyst\u0105pienia w produkcie tych surowc\u00f3w.<\/p>\n","protected":false},"excerpt":{"rendered":"<p class=\"Standard\"><span style=\"font-family: 'Comic Sans MS';\">Bez sztucznych barwnik\u00f3w, bez konserwant\u00f3w.<\/span><\/p>\n","protected":false},"featured_media":586,"comment_status":"open","ping_status":"closed","template":"","meta":[],"product_brand":[],"product_cat":[18],"product_tag":[],"class_list":{"0":"post-73","1":"product","2":"type-product","3":"status-publish","4":"has-post-thumbnail","6":"product_cat-przyprawy-2","8":"first","9":"instock","10":"taxable","11":"shipping-taxable","12":"purchasable","13":"product-type-simple"},"_links":{"self":[{"href":"https:\/\/sielankaznatury.pl\/index.php\/wp-json\/wp\/v2\/product\/73","targetHints":{"allow":["GET"]}}],"collection":[{"href":"https:\/\/sielankaznatury.pl\/index.php\/wp-json\/wp\/v2\/product"}],"about":[{"href":"https:\/\/sielankaznatury.pl\/index.php\/wp-json\/wp\/v2\/types\/product"}],"replies":[{"embeddable":true,"href":"https:\/\/sielankaznatury.pl\/index.php\/wp-json\/wp\/v2\/comments?post=73"}],"wp:featuredmedia":[{"embeddable":true,"href":"https:\/\/sielankaznatury.pl\/index.php\/wp-json\/wp\/v2\/media\/586"}],"wp:attachment":[{"href":"https:\/\/sielankaznatury.pl\/index.php\/wp-json\/wp\/v2\/media?parent=73"}],"wp:term":[{"taxonomy":"product_brand","embeddable":true,"href":"https:\/\/sielankaznatury.pl\/index.php\/wp-json\/wp\/v2\/product_brand?post=73"},{"taxonomy":"product_cat","embeddable":true,"href":"https:\/\/sielankaznatury.pl\/index.php\/wp-json\/wp\/v2\/product_cat?post=73"},{"taxonomy":"product_tag","embeddable":true,"href":"https:\/\/sielankaznatury.pl\/index.php\/wp-json\/wp\/v2\/product_tag?post=73"}],"curies":[{"name":"wp","href":"https:\/\/api.w.org\/{rel}","templated":true}]}}