{"id":730,"date":"2023-12-31T12:50:23","date_gmt":"2023-12-31T12:50:23","guid":{"rendered":"https:\/\/sielankaznatury.pl\/?post_type=product&#038;p=730"},"modified":"2024-01-19T13:29:18","modified_gmt":"2024-01-19T13:29:18","slug":"pylek-pszczeli-250g","status":"publish","type":"product","link":"https:\/\/sielankaznatury.pl\/index.php\/produkt\/pylek-pszczeli-250g\/","title":{"rendered":"Py\u0142ek pszczeli 250g"},"content":{"rendered":"<div class=\"xdj266r x11i5rnm xat24cr x1mh8g0r x1vvkbs x126k92a\">\n<div dir=\"auto\">W domowej apteczce warto uzna\u0107 pot\u0119g\u0119 py\u0142ku pszczelego:<\/div>\n<div dir=\"auto\"><\/div>\n<\/div>\n<div class=\"x11i5rnm xat24cr x1mh8g0r x1vvkbs xtlvy1s x126k92a\">\n<div dir=\"auto\">PY\u0141EK PSZCZELI (kwiatowy) jest produktem ro\u015blinnym, zebranym przez pszczo\u0142y. Zawiera ponad 250 substancji niezb\u0119dnych dla\u00a0 zdrowia :<\/div>\n<div dir=\"auto\">\u2022 witaminy (A, B, B1, B12, C, E, P, PP)<\/div>\n<div dir=\"auto\">\u2022 aminokwasy (kwas pantotenowy i foliowy)<\/div>\n<div dir=\"auto\">\u2022 bia\u0142ka, t\u0142uszcze, w\u0119glowodany, sole mineralne<\/div>\n<div dir=\"auto\">\u2022 biopierwiastki (wap\u0144, fosfor, magnez, s\u00f3d, potas, \u017celazo, mied\u017a, cynk, mangan, krzem i selen)<\/div>\n<div dir=\"auto\">\u2022 substancje od\u017cywcze oraz aktywne biologicznie enzymy i koenzymy<\/div>\n<div dir=\"auto\">\u2022 Warto\u015b\u0107 od\u017cywcza py\u0142ku kwiatowego na 100g wynosi 340 kcal.<\/div>\n<\/div>\n<div class=\"x11i5rnm xat24cr x1mh8g0r x1vvkbs xtlvy1s x126k92a\">\n<div dir=\"auto\">Dzia\u0142a antybakteryjnie, &#8222;antyanemicznie&#8221;, regeneruj\u0105co, obni\u017ca poziom cukru we krwi, obni\u017ca poziom cholesterolu, ogranicza proces mia\u017cd\u017cycy, podnosi kondycj\u0119, wzmacnia odporno\u015b\u0107 organizmu<span class=\"x3nfvp2 x1j61x8r x1fcty0u xdj266r xhhsvwb xat24cr xgzva0m xxymvpz xlup9mm x1kky2od\"><img decoding=\"async\" class=\"xz74otr\" src=\"https:\/\/static.xx.fbcdn.net\/images\/emoji.php\/v9\/t56\/1.5\/16\/1f9e1.png\" alt=\"\ud83e\udde1\" width=\"16\" height=\"16\" \/><\/span>, polepsza zdolno\u015b\u0107 my\u015blenia i koncentracji, reguluje zaburzenia hormonalne, poprawia prac\u0119 jelit, w anemii pobudza \u0142aknienie, chroni przed skutkami niedotlenienia, oczyszcza i chroni w\u0105trob\u0119 przed dzia\u0142aniem toksyn, zalecany w stanach przerostu gruczo\u0142u krokowego (prostaty).<\/div>\n<\/div>\n<div class=\"x11i5rnm xat24cr x1mh8g0r x1vvkbs xtlvy1s x126k92a\">\n<div dir=\"auto\">ZASTOSOWANIE py\u0142ku kwiatowego<\/div>\n<div dir=\"auto\">\u2022 Choroby g\u00f3rnych dr\u00f3g oddechowych &#8211; przyjmowanie profilaktyczne py\u0142ku zapobiega wyst\u0119powaniu chor\u00f3b przezi\u0119bieniowych oraz grypy, dotyczy to szczeg\u00f3lnie ludzi starszych. W przypadku zachorowania skraca czas leczenia i \u0142agodzi przebieg infekcji.<\/div>\n<div dir=\"auto\">\u2022 Mia\u017cd\u017cyca &#8211; py\u0142ek ma dzia\u0142anie przeciwzapalne i przeciwzakrzepowe. Stosowany jest w chorobie niedokrwiennej serca, przy nadci\u015bnieniu, w okresie rekonwalescencji po zawale mi\u0119\u015bnia sercowego oraz w zaburzeniach kr\u0105\u017cenia m\u00f3zgowego i obwodowego.<\/div>\n<div dir=\"auto\">\u2022 Choroby przewodu pokarmowego &#8211; uporczywe zaparcia, przewlek\u0142e biegunki, zapalenie jelita grubego, choroba wrzodowa \u017co\u0142\u0105dka i dwunastnicy. Py\u0142ek dzia\u0142a korzystnie i wybi\u00f3rczo na flor\u0119 bakteryjn\u0105 przewodu pokarmowego poprzez zachowanie prawid\u0142owego rozwoju bakterii saprofitycznych przy r\u00f3wnoczesnym eliminowaniu bakterii chorobotw\u00f3rczych. Py\u0142ek wzmaga czynno\u015b\u0107 wydzielnicz\u0105 \u017co\u0142\u0105dka, normalizuje perystaltyk\u0119 jelit.<\/div>\n<div dir=\"auto\">\u2022 Choroby w\u0105troby &#8211; py\u0142ek normalizuje zaburzon\u0105 w schorzeniach w\u0105troby przemian\u0119 bia\u0142ek i odnawia jej uszkodzon\u0105 mikrostruktur\u0119. Dzia\u0142a os\u0142aniaj\u0105co na kom\u00f3rki w\u0105troby, zar\u00f3wno w procesach zapalnych, toksycznych, pourazowych, jak i w przypadkach uszkodze\u0144 polekowych. Wskazany jest w zapaleniach w\u0105troby zar\u00f3wno na tle bakteryjnym, jak i wirusowym.<\/div>\n<div dir=\"auto\">\u2022 Niedokrwisto\u015b\u0107 &#8211; przyjmowanie py\u0142ku powoduje wzrost czerwonych cia\u0142ek krwi, u dzieci 25 &#8211; 30% a u doros\u0142ych 20%.<\/div>\n<div dir=\"auto\">\u2022 Choroby narz\u0105du wzroku &#8211; zapalenie siatk\u00f3wki, rog\u00f3wki oraz spoj\u00f3wek &#8211; dzi\u0119ki obecno\u015bci w py\u0142ku witaminy A i ryboflawiny dochodzi do wyra\u017anej poprawy wzroku i do cofania si\u0119 zmian chorobowych.<\/div>\n<div dir=\"auto\">\u2022 Choroby psychiczne, zaburzenia starcze, stany wyczerpania psychofizycznego oraz nerwice &#8211; przyjmowanie py\u0142ku polepsza zdolno\u015bci i koncentracj\u0119 my\u015blenia, obni\u017ca stany napi\u0119cia nerwowego i pobudzenia psychoruchowego, prowadzi do poprawy samopoczucia.<\/div>\n<div dir=\"auto\">\u2022 Stany zapalne i przerostowe gruczo\u0142u krokowego &#8211; przyjmowanie py\u0142ku powoduje cofanie si\u0119 zmian zapalnych i przerostowych w gruczole krokowym i likwiduje zaleganie moczu. M\u0119\u017cczyznom powy\u017cej 40 lat nale\u017cy zapobiegawczo podawa\u0107 py\u0142ek w dawce 15 gram dziennie w celu zapobie\u017cenia zmianom w gruczole krokowym.<\/div>\n<\/div>\n<div class=\"x11i5rnm xat24cr x1mh8g0r x1vvkbs xtlvy1s x126k92a\">\n<div dir=\"auto\">KURACJA PY\u0141KOWA<span class=\"x3nfvp2 x1j61x8r x1fcty0u xdj266r xhhsvwb xat24cr xgzva0m xxymvpz xlup9mm x1kky2od\"><img decoding=\"async\" class=\"xz74otr\" src=\"https:\/\/static.xx.fbcdn.net\/images\/emoji.php\/v9\/tf4\/1.5\/16\/1f33c.png\" alt=\"\ud83c\udf3c\" width=\"16\" height=\"16\" \/><\/span><\/div>\n<div dir=\"auto\">Kuracj\u0119 py\u0142kow\u0105 w celach profilaktycznych zaleca si\u0119 przeprowadza\u0107 dwa razy w roku: jesieni\u0105 &#8211; w celu zabezpieczenia organizmu i uodpornienia na przezi\u0119bienia, katary i grypy oraz wiosenn\u0105 &#8211; w celu uzupe\u0142nienia substancji i zwi\u0105zk\u00f3w potrzebnych organizmowi.<\/div>\n<div dir=\"auto\">Czas trwania kuracji<\/div>\n<div dir=\"auto\">&#8211; minimalna (trwaj\u0105ca 30 dni)<\/div>\n<div dir=\"auto\">&#8211; optymalna (trwaj\u0105ca 60 dni)<\/div>\n<div dir=\"auto\">&#8211; maksymalna (trwaj\u0105ca 90 dni)<\/div>\n<div dir=\"auto\">Minimalne dawki py\u0142ku kwiatowego mo\u017cna za\u017cywa\u0107 codziennie w ci\u0105gu ca\u0142ego roku. Dawki lecznicze s\u0105 uzale\u017cnione od danej choroby i stanu zdrowia pacjenta. Wra\u017cliwi na \u017co\u0142\u0105dek dobrze przyjmuj\u0105 py\u0142ek rozpuszczony w mleku lub zmieszany z miodem lub konfiturami. Leczniczo dziennie stosuje si\u0119 3-5 \u0142y\u017ceczek dla doros\u0142ych i 1-2 \u0142y\u017ceczki dla dzieci. Dla zwi\u0119kszenia przyswajalno\u015bci py\u0142ku przez organizm nale\u017cy rozpu\u015bci\u0107 go w p\u00f3\u0142 szklanki przegotowanej, letniej wody. Spo\u017cywa\u0107 na godzin\u0119 przed posi\u0142kiem. Dzieciom mo\u017cna podawa\u0107 z sokiem, miodem lub jogurtem. Po 4-6 tygodniowej kuracji py\u0142kowej nale\u017cy zrobi\u0107 1-2 tygodniow\u0105 przerw\u0119 w jego spo\u017cywaniu.<\/div>\n<div dir=\"auto\"><span class=\"x3nfvp2 x1j61x8r x1fcty0u xdj266r xhhsvwb xat24cr xgzva0m xxymvpz xlup9mm x1kky2od\"><img decoding=\"async\" class=\"xz74otr\" src=\"https:\/\/static.xx.fbcdn.net\/images\/emoji.php\/v9\/t73\/1.5\/16\/1f33b.png\" alt=\"\ud83c\udf3b\" width=\"16\" height=\"16\" \/><\/span>Zatem je\u015bli chcecie wesprze\u0107 sw\u00f3j organizm i zadba\u0107 o zdrowie to \u015bmia\u0142o si\u0119gnijcie po PY\u0141EK PSZCZELI i regularnie stosujcie go, a z pewno\u015bci\u0105 szybko dostrze\u017cecie pozytywne zmiany. Dzi\u0119ki temu, skarbowi z ula, poczujecie wi\u0119cej witalno\u015bci i pogodne nastawienie do \u015bwiata pomimo ponurych i ciemnych dni, jakie przynosi ze sob\u0105 jesie\u0144, a tak\u017ce dawk\u0119 energii i zwi\u0119kszon\u0105 odporno\u015b\u0107, co zim\u0105 jest nie do przecenienia. <span class=\"x3nfvp2 x1j61x8r x1fcty0u xdj266r xhhsvwb xat24cr xgzva0m xxymvpz xlup9mm x1kky2od\"><img decoding=\"async\" class=\"xz74otr\" src=\"https:\/\/static.xx.fbcdn.net\/images\/emoji.php\/v9\/t56\/1.5\/16\/1f9e1.png\" alt=\"\ud83e\udde1\" width=\"16\" height=\"16\" \/><\/span><\/div>\n<\/div>\n<div dir=\"auto\"><\/div>\n<div dir=\"auto\">Produkt pakowany r\u0119cznie.<\/div>\n","protected":false},"excerpt":{"rendered":"<p>W domowej apteczce warto uzna\u0107 pot\u0119g\u0119 py\u0142ku pszczelego: PY\u0141EK PSZCZELI (kwiatowy) jest produktem ro\u015blinnym, zebranym przez pszczo\u0142y. Zawiera ponad 250 substancji niezb\u0119dnych dla\u00a0 zdrowia : \u2022 witaminy (A, B, B1, B12, C, E, P, PP) \u2022 aminokwasy (kwas pantotenowy i foliowy) \u2022 bia\u0142ka, t\u0142uszcze, w\u0119glowodany, sole mineralne \u2022 biopierwiastki (wap\u0144, fosfor, magnez, s\u00f3d, potas, \u017celazo,<span class=\"read-more-faq\"><a href=\"https:\/\/sielankaznatury.pl\/index.php\/produkt\/pylek-pszczeli-250g\/\">Read More<\/a><\/span><\/p>\n","protected":false},"featured_media":728,"comment_status":"open","ping_status":"closed","template":"","meta":[],"product_brand":[],"product_cat":[45],"product_tag":[],"class_list":{"0":"post-730","1":"product","2":"type-product","3":"status-publish","4":"has-post-thumbnail","6":"product_cat-zdrowo-z-pasieki","8":"first","9":"instock","10":"taxable","11":"shipping-taxable","12":"purchasable","13":"product-type-simple"},"_links":{"self":[{"href":"https:\/\/sielankaznatury.pl\/index.php\/wp-json\/wp\/v2\/product\/730","targetHints":{"allow":["GET"]}}],"collection":[{"href":"https:\/\/sielankaznatury.pl\/index.php\/wp-json\/wp\/v2\/product"}],"about":[{"href":"https:\/\/sielankaznatury.pl\/index.php\/wp-json\/wp\/v2\/types\/product"}],"replies":[{"embeddable":true,"href":"https:\/\/sielankaznatury.pl\/index.php\/wp-json\/wp\/v2\/comments?post=730"}],"wp:featuredmedia":[{"embeddable":true,"href":"https:\/\/sielankaznatury.pl\/index.php\/wp-json\/wp\/v2\/media\/728"}],"wp:attachment":[{"href":"https:\/\/sielankaznatury.pl\/index.php\/wp-json\/wp\/v2\/media?parent=730"}],"wp:term":[{"taxonomy":"product_brand","embeddable":true,"href":"https:\/\/sielankaznatury.pl\/index.php\/wp-json\/wp\/v2\/product_brand?post=730"},{"taxonomy":"product_cat","embeddable":true,"href":"https:\/\/sielankaznatury.pl\/index.php\/wp-json\/wp\/v2\/product_cat?post=730"},{"taxonomy":"product_tag","embeddable":true,"href":"https:\/\/sielankaznatury.pl\/index.php\/wp-json\/wp\/v2\/product_tag?post=730"}],"curies":[{"name":"wp","href":"https:\/\/api.w.org\/{rel}","templated":true}]}}