{"id":767,"date":"2024-01-22T14:52:47","date_gmt":"2024-01-22T14:52:47","guid":{"rendered":"https:\/\/sielankaznatury.pl\/?post_type=product&#038;p=767"},"modified":"2025-09-18T12:27:12","modified_gmt":"2025-09-18T12:27:12","slug":"pieprz-kolorowy-80g","status":"publish","type":"product","link":"https:\/\/sielankaznatury.pl\/index.php\/produkt\/pieprz-kolorowy-80g\/","title":{"rendered":"Pieprz kolorowy Premium 60g"},"content":{"rendered":"<p><strong>Pieprz kolorowy<\/strong> &#8211; <strong>Premium<\/strong> to wspania\u0142a mieszanka starannie dobranych owoc\u00f3w pieprzu o r\u00f3\u017cnym stopniu dojrza\u0142o\u015bci i ostro\u015bci. Dzi\u0119ki czemu jest on dodatkiem do potraw, kt\u00f3ry kryje w sobie kilka wymiar\u00f3w smaku. Na kompozycj\u0119 t\u0105 sk\u0142adaj\u0105 si\u0119 4 odmiany: czarna, bia\u0142a, zielona i czerwona. To nie tylko doskona\u0142a przyprawa, ale r\u00f3wnie\u017c jadalna i co wa\u017cne naturalna dekoracja, kt\u00f3ra uatrakcyjni ka\u017cde danie intryguj\u0105cym zestawieniem kolor\u00f3w. Poznaj zalety jakie posiada pieprz kolorowy ziarnisty i koniecznie wypr\u00f3buj go w swojej kuchni!<\/p>\n<p>Pieprz jest przypraw\u0105, kt\u00f3ra od wielu pokole\u0144 go\u015bci na polskich sto\u0142ach, ale jest na tyle uniwersalny, \u017ce odnajdzie si\u0119 w daniach z region\u00f3w ca\u0142ego \u015bwiata. Idealnie poprawia\u00a0aromat i wygl\u0105d da\u0144, a co wi\u0119cej, \u0142\u0105czy w sobie najlepsze cechy wszystkich rodzaj\u00f3w pieprzu\u00a0doskonale balansuj\u0105c smak.<\/p>\n<p><strong>Masa netto 60g<\/strong><\/p>\n<p>Pakujemy r\u0119cznie :-):-)<\/p>\n<p>&nbsp;<\/p>\n","protected":false},"excerpt":{"rendered":"<p>Pieprz kolorowy &#8211; Premium to wspania\u0142a mieszanka starannie dobranych owoc\u00f3w pieprzu o r\u00f3\u017cnym stopniu dojrza\u0142o\u015bci i ostro\u015bci. Dzi\u0119ki czemu jest on dodatkiem do potraw, kt\u00f3ry kryje w sobie kilka wymiar\u00f3w smaku. Na kompozycj\u0119 t\u0105 sk\u0142adaj\u0105 si\u0119 4 odmiany: czarna, bia\u0142a, zielona i czerwona. To nie tylko doskona\u0142a przyprawa, ale r\u00f3wnie\u017c jadalna i co wa\u017cne naturalna<span class=\"read-more-faq\"><a href=\"https:\/\/sielankaznatury.pl\/index.php\/produkt\/pieprz-kolorowy-80g\/\">Read More<\/a><\/span><\/p>\n","protected":false},"featured_media":768,"comment_status":"open","ping_status":"closed","template":"","meta":[],"product_brand":[],"product_cat":[18],"product_tag":[],"class_list":{"0":"post-767","1":"product","2":"type-product","3":"status-publish","4":"has-post-thumbnail","6":"product_cat-przyprawy-2","8":"first","9":"instock","10":"taxable","11":"shipping-taxable","12":"purchasable","13":"product-type-simple"},"_links":{"self":[{"href":"https:\/\/sielankaznatury.pl\/index.php\/wp-json\/wp\/v2\/product\/767","targetHints":{"allow":["GET"]}}],"collection":[{"href":"https:\/\/sielankaznatury.pl\/index.php\/wp-json\/wp\/v2\/product"}],"about":[{"href":"https:\/\/sielankaznatury.pl\/index.php\/wp-json\/wp\/v2\/types\/product"}],"replies":[{"embeddable":true,"href":"https:\/\/sielankaznatury.pl\/index.php\/wp-json\/wp\/v2\/comments?post=767"}],"wp:featuredmedia":[{"embeddable":true,"href":"https:\/\/sielankaznatury.pl\/index.php\/wp-json\/wp\/v2\/media\/768"}],"wp:attachment":[{"href":"https:\/\/sielankaznatury.pl\/index.php\/wp-json\/wp\/v2\/media?parent=767"}],"wp:term":[{"taxonomy":"product_brand","embeddable":true,"href":"https:\/\/sielankaznatury.pl\/index.php\/wp-json\/wp\/v2\/product_brand?post=767"},{"taxonomy":"product_cat","embeddable":true,"href":"https:\/\/sielankaznatury.pl\/index.php\/wp-json\/wp\/v2\/product_cat?post=767"},{"taxonomy":"product_tag","embeddable":true,"href":"https:\/\/sielankaznatury.pl\/index.php\/wp-json\/wp\/v2\/product_tag?post=767"}],"curies":[{"name":"wp","href":"https:\/\/api.w.org\/{rel}","templated":true}]}}