{"id":792,"date":"2024-02-28T10:46:08","date_gmt":"2024-02-28T10:46:08","guid":{"rendered":"https:\/\/sielankaznatury.pl\/?post_type=product&#038;p=792"},"modified":"2025-11-11T18:09:41","modified_gmt":"2025-11-11T18:09:41","slug":"olsniewajace-wlosy-i-paznokcie-50g","status":"publish","type":"product","link":"https:\/\/sielankaznatury.pl\/index.php\/produkt\/olsniewajace-wlosy-i-paznokcie-50g\/","title":{"rendered":"Ol\u015bniewaj\u0105ce w\u0142osy i paznokcie 50g"},"content":{"rendered":"<p>Bardzo lubiana i cz\u0119sto wybierana herbata funkcjonalna Ol\u015bniewaj\u0105ce W\u0142osy i Paznokcie to bogata w sk\u0142adniki kompozycja. Znajdziesz w niej: skrzyp polny, pokrzyw\u0119, ziele fio\u0142ka tr\u00f3jbarwnego, jab\u0142ko, zielon\u0105 herbat\u0119, sk\u00f3rk\u0119 pomara\u0144czy. Wspiera Twoje w\u0142osy i paznocie, ma bardzo przyjemny smak.<\/p>\n<p>&nbsp;<\/p>\n<p>Sk\u0142ad:\u00a0 skrzyp polny, pokrzywa, jab\u0142ko,herbata zielona sencha, ziele fio\u0142ka tr\u00f3jbarwnego, sk\u00f3rka pomara\u0144czy.<\/p>\n<p>Produkt pakowany r\u0119cznie.<\/p>\n<p>&nbsp;<\/p>\n<p>&nbsp;<\/p>\n","protected":false},"excerpt":{"rendered":"<p>Bardzo lubiana i cz\u0119sto wybierana herbata funkcjonalna Ol\u015bniewaj\u0105ce W\u0142osy i Paznokcie to bogata w sk\u0142adniki kompozycja. Znajdziesz w niej: skrzyp polny, pokrzyw\u0119, ziele fio\u0142ka tr\u00f3jbarwnego, jab\u0142ko, zielon\u0105 herbat\u0119, sk\u00f3rk\u0119 pomara\u0144czy. Wspiera Twoje w\u0142osy i paznocie, ma bardzo przyjemny smak. &nbsp; Sk\u0142ad:\u00a0 skrzyp polny, pokrzywa, jab\u0142ko,herbata zielona sencha, ziele fio\u0142ka tr\u00f3jbarwnego, sk\u00f3rka pomara\u0144czy. Produkt pakowany r\u0119cznie.<span class=\"read-more-faq\"><a href=\"https:\/\/sielankaznatury.pl\/index.php\/produkt\/olsniewajace-wlosy-i-paznokcie-50g\/\">Read More<\/a><\/span><\/p>\n","protected":false},"featured_media":793,"comment_status":"open","ping_status":"closed","template":"","meta":[],"product_brand":[],"product_cat":[44],"product_tag":[],"class_list":{"0":"post-792","1":"product","2":"type-product","3":"status-publish","4":"has-post-thumbnail","6":"product_cat-herbaty","8":"first","9":"instock","10":"taxable","11":"shipping-taxable","12":"purchasable","13":"product-type-simple"},"_links":{"self":[{"href":"https:\/\/sielankaznatury.pl\/index.php\/wp-json\/wp\/v2\/product\/792","targetHints":{"allow":["GET"]}}],"collection":[{"href":"https:\/\/sielankaznatury.pl\/index.php\/wp-json\/wp\/v2\/product"}],"about":[{"href":"https:\/\/sielankaznatury.pl\/index.php\/wp-json\/wp\/v2\/types\/product"}],"replies":[{"embeddable":true,"href":"https:\/\/sielankaznatury.pl\/index.php\/wp-json\/wp\/v2\/comments?post=792"}],"wp:featuredmedia":[{"embeddable":true,"href":"https:\/\/sielankaznatury.pl\/index.php\/wp-json\/wp\/v2\/media\/793"}],"wp:attachment":[{"href":"https:\/\/sielankaznatury.pl\/index.php\/wp-json\/wp\/v2\/media?parent=792"}],"wp:term":[{"taxonomy":"product_brand","embeddable":true,"href":"https:\/\/sielankaznatury.pl\/index.php\/wp-json\/wp\/v2\/product_brand?post=792"},{"taxonomy":"product_cat","embeddable":true,"href":"https:\/\/sielankaznatury.pl\/index.php\/wp-json\/wp\/v2\/product_cat?post=792"},{"taxonomy":"product_tag","embeddable":true,"href":"https:\/\/sielankaznatury.pl\/index.php\/wp-json\/wp\/v2\/product_tag?post=792"}],"curies":[{"name":"wp","href":"https:\/\/api.w.org\/{rel}","templated":true}]}}