{"id":796,"date":"2024-03-06T13:09:25","date_gmt":"2024-03-06T13:09:25","guid":{"rendered":"https:\/\/sielankaznatury.pl\/?post_type=product&#038;p=796"},"modified":"2024-05-06T09:41:04","modified_gmt":"2024-05-06T09:41:04","slug":"pakowanie-na-prezent","status":"publish","type":"product","link":"https:\/\/sielankaznatury.pl\/index.php\/produkt\/pakowanie-na-prezent\/","title":{"rendered":"Pakowanie na prezent"},"content":{"rendered":"<p>Ka\u017cdy kocha prezenty, z my\u015bl\u0105 o rado\u015bci obdarowywania powsta\u0142a\u00a0 us\u0142uga pakowania prezentu \ud83d\ude42 \ud83d\ude42<\/p>\n<p>Za symboliczne 10 z\u0142, Sielsko zapakujemy prezent \ud83d\ude42 \ud83d\ude42<\/p>\n","protected":false},"excerpt":{"rendered":"<p>Ka\u017cdy kocha prezenty, z my\u015bl\u0105 o rado\u015bci obdarowywania powsta\u0142a\u00a0 us\u0142uga pakowania prezentu \ud83d\ude42 \ud83d\ude42 Za symboliczne 10 z\u0142, Sielsko zapakujemy prezent \ud83d\ude42 \ud83d\ude42<\/p>\n","protected":false},"featured_media":797,"comment_status":"open","ping_status":"closed","template":"","meta":[],"product_brand":[],"product_cat":[46],"product_tag":[],"class_list":{"0":"post-796","1":"product","2":"type-product","3":"status-publish","4":"has-post-thumbnail","6":"product_cat-pakowanie-na-prezent","8":"first","9":"instock","10":"taxable","11":"shipping-taxable","12":"purchasable","13":"product-type-simple"},"_links":{"self":[{"href":"https:\/\/sielankaznatury.pl\/index.php\/wp-json\/wp\/v2\/product\/796","targetHints":{"allow":["GET"]}}],"collection":[{"href":"https:\/\/sielankaznatury.pl\/index.php\/wp-json\/wp\/v2\/product"}],"about":[{"href":"https:\/\/sielankaznatury.pl\/index.php\/wp-json\/wp\/v2\/types\/product"}],"replies":[{"embeddable":true,"href":"https:\/\/sielankaznatury.pl\/index.php\/wp-json\/wp\/v2\/comments?post=796"}],"wp:featuredmedia":[{"embeddable":true,"href":"https:\/\/sielankaznatury.pl\/index.php\/wp-json\/wp\/v2\/media\/797"}],"wp:attachment":[{"href":"https:\/\/sielankaznatury.pl\/index.php\/wp-json\/wp\/v2\/media?parent=796"}],"wp:term":[{"taxonomy":"product_brand","embeddable":true,"href":"https:\/\/sielankaznatury.pl\/index.php\/wp-json\/wp\/v2\/product_brand?post=796"},{"taxonomy":"product_cat","embeddable":true,"href":"https:\/\/sielankaznatury.pl\/index.php\/wp-json\/wp\/v2\/product_cat?post=796"},{"taxonomy":"product_tag","embeddable":true,"href":"https:\/\/sielankaznatury.pl\/index.php\/wp-json\/wp\/v2\/product_tag?post=796"}],"curies":[{"name":"wp","href":"https:\/\/api.w.org\/{rel}","templated":true}]}}