{"id":88,"date":"2023-01-23T19:00:32","date_gmt":"2023-01-23T19:00:32","guid":{"rendered":"http:\/\/dguqoldtak.cfolks.pl\/sielanka\/?post_type=product&#038;p=88"},"modified":"2024-04-19T09:08:16","modified_gmt":"2024-04-19T09:08:16","slug":"chia-nasiona","status":"publish","type":"product","link":"https:\/\/sielankaznatury.pl\/index.php\/produkt\/chia-nasiona\/","title":{"rendered":"CHIA NASIONA 80g"},"content":{"rendered":"<p>Nasiona chia to nasiona sza\u0142wii hiszpa\u0144skiej (Salvia hispanica L.). Nasiona Chia dostarczaj\u0105 wiele cennych warto\u015bci od\u017cywczych, s\u0105 bogatym \u017ar\u00f3d\u0142em b\u0142onnika, witamin oraz sk\u0142adnik\u00f3w mineralnych mi\u0119dzy innymi cynk, kt\u00f3ry jest potrzebny do zachowania zdrowych w\u0142os\u00f3w paznokci, a tak\u017ce sk\u00f3ry, fosforu kt\u00f3ry wspomaga utrzymanie zdrowych ko\u015bci i z\u0119b\u00f3w . Dzi\u0119ki zawarto\u015bci\u00a0 b\u0142onnika nasiona chia usprawniaj\u0105 prac\u0119 przewodu pokarmowego, wspomagaj\u0105c przy tym odchudzanie.<\/p>\n<p>&nbsp;<\/p>\n<p>STOSOWANIE:<\/p>\n<p>Zaleca si\u0119 spo\u017cywa\u0107 regularnie pami\u0119taj\u0105c, aby ich dzienne spo\u017cycie nie\u00a0 przekroczy\u0142o 15 g (oko\u0142o 3 \u0142y\u017ceczki). Chia z \u0142atwo\u015bci\u0105 wch\u0142ania wod\u0119 i t\u0142uszcz, wykazuj\u0105c w\u0142a\u015bciwo\u015bci zag\u0119szczaj\u0105ce. Doskonale sprawdza si\u0119 jako dodatek do jogurt\u00f3w, sok\u00f3w, koktajli czy krem\u00f3w. Nie nale\u017cy przekracza\u0107 zalecanej porcji w ci\u0105gu dnia.<\/p>\n<p><strong>Sk\u0142adniki: 100% nasiona sza\u0142wii hiszpa\u0144skiej (Salvia hispanica L.).<\/strong><\/p>\n<p><strong>\u00a0<\/strong><\/p>\n<p>Kraj pochodzenia : Paragwaj\u00a0\u00a0\u00a0\u00a0\u00a0\u00a0\u00a0\u00a0\u00a0\u00a0\u00a0\u00a0\u00a0\u00a0\u00a0\u00a0\u00a0\u00a0\u00a0\u00a0\u00a0\u00a0\u00a0\u00a0\u00a0\u00a0\u00a0\u00a0\u00a0\u00a0\u00a0\u00a0\u00a0\u00a0\u00a0\u00a0\u00a0\u00a0\u00a0\u00a0\u00a0\u00a0\u00a0\u00a0\u00a0\u00a0\u00a0\u00a0\u00a0\u00a0\u00a0\u00a0 \u00a0\u00a0\u00a0\u00a0\u00a0 <strong>masa netto 80 g<\/strong><\/p>\n<p>&nbsp;<\/p>\n<p>Warunki przechowywania: przechowywa\u0107 w suchym i zaciemnionym miejscu.<\/p>\n<p>&nbsp;<\/p>\n<p>W zak\u0142adzie pakowane s\u0105 r\u00f3wnie\u017c: sezam, gorczyca, seler, produkty zawieraj\u0105ce gluten, r\u00f3\u017cne orzechy. Pomimo do\u0142o\u017cenia wszelkich stara\u0144 nie mo\u017cna w 100 %\u00a0 wykluczy\u0107 wyst\u0105pienia w produkcie tych surowc\u00f3w.<\/p>\n","protected":false},"excerpt":{"rendered":"<p class=\"Standard\" style=\"text-align: justify; text-justify: inter-ideograph;\"><span style=\"font-family: 'Comic Sans MS';\">Bez sztucznych barwnik\u00f3w, bez konserwant\u00f3w.<\/span><\/p>\n","protected":false},"featured_media":89,"comment_status":"open","ping_status":"closed","template":"","meta":[],"product_brand":[],"product_cat":[18],"product_tag":[],"class_list":{"0":"post-88","1":"product","2":"type-product","3":"status-publish","4":"has-post-thumbnail","6":"product_cat-przyprawy-2","8":"first","9":"instock","10":"taxable","11":"shipping-taxable","12":"purchasable","13":"product-type-simple"},"_links":{"self":[{"href":"https:\/\/sielankaznatury.pl\/index.php\/wp-json\/wp\/v2\/product\/88","targetHints":{"allow":["GET"]}}],"collection":[{"href":"https:\/\/sielankaznatury.pl\/index.php\/wp-json\/wp\/v2\/product"}],"about":[{"href":"https:\/\/sielankaznatury.pl\/index.php\/wp-json\/wp\/v2\/types\/product"}],"replies":[{"embeddable":true,"href":"https:\/\/sielankaznatury.pl\/index.php\/wp-json\/wp\/v2\/comments?post=88"}],"wp:featuredmedia":[{"embeddable":true,"href":"https:\/\/sielankaznatury.pl\/index.php\/wp-json\/wp\/v2\/media\/89"}],"wp:attachment":[{"href":"https:\/\/sielankaznatury.pl\/index.php\/wp-json\/wp\/v2\/media?parent=88"}],"wp:term":[{"taxonomy":"product_brand","embeddable":true,"href":"https:\/\/sielankaznatury.pl\/index.php\/wp-json\/wp\/v2\/product_brand?post=88"},{"taxonomy":"product_cat","embeddable":true,"href":"https:\/\/sielankaznatury.pl\/index.php\/wp-json\/wp\/v2\/product_cat?post=88"},{"taxonomy":"product_tag","embeddable":true,"href":"https:\/\/sielankaznatury.pl\/index.php\/wp-json\/wp\/v2\/product_tag?post=88"}],"curies":[{"name":"wp","href":"https:\/\/api.w.org\/{rel}","templated":true}]}}